{"id":10158,"date":"2020-11-23T11:01:12","date_gmt":"2020-11-23T10:01:12","guid":{"rendered":"https:\/\/menges.cake-health.com\/?page_id=10158"},"modified":"2021-01-13T23:00:25","modified_gmt":"2021-01-13T22:00:25","slug":"nutzungsbedingungen","status":"publish","type":"page","link":"https:\/\/menges.cake-health.com\/fr\/nutzungsbedingungen\/","title":{"rendered":"Conditions d&rsquo;utilisation"},"content":{"rendered":"<div class=\"central-content white\">\n    <div class=\"central-content-wrapper\">\n                    <h class=\"headline\">\n                Conditions d&rsquo;utilisation \n            <\/h>\n                \n                    <div class=\"content\">\n                <p>Menges Medizintechnik Schweiz AG (\u201eMenges Medizintechnik\u201c) \u00fcberpr\u00fcft alle Informationen dieser Website auf ihre Richtigkeit, Vollst\u00e4ndigkeit und Aktualit\u00e4t. Menges Medizintechnik \u00fcbernimmt hierf\u00fcr jedoch keine Gew\u00e4hr und ist auch nicht verantwortlich f\u00fcr irgendwelche inhaltlichen Fehler oder Auslassungen. Die Inhalte auf dieser Website werden unter Ausschluss jeglicher Gew\u00e4hrleistung und Haftung zur Verf\u00fcgung gestellt. Die Nutzung dieser Website und die Kommunikation hiermit erfolgt auf eigene Gefahr.<\/p>\n<p class=\"bodytext\">S\u00e4mtliche Firmenbezeichnungen der Menges Medizintechnik und s\u00e4mtliche Namen der ausgelieferten Produkte sowie der Dienstleistungen, die von Menges Medizintechnik angeboten werden, sind \u2013 gleichg\u00fcltig ob sie als Marken gekennzeichnet sind oder nicht \u2013 eingetragene bzw. nicht eingetragene Schutzrechte, sei es der Menges Medizintechnik, der mit ihr verbundenen Unternehmen, deren Lizenzgebern, deren Joint-Venture-Partnern oder deren Lieferanten, es sei denn, sie sind besonders gekennzeichnet.<\/p>\n<p class=\"bodytext\">Ohne ausdr\u00fcckliche schriftliche Einwilligung des Inhabers entsprechender Schutzrechte wird \u00fcber die Website in keiner Weise eine Lizenz oder ein anderes Recht an einem solchen Schutzrecht einger\u00e4umt.<\/p>\n<p class=\"bodytext\">Eine Verwendung der Schutzrechte ist ausdr\u00fccklich verboten und stellt einen Versto\u00df gegen das Urhebergesetz, das Markengesetz oder andere Gesetze dar, es sei denn, sie ist nach diesen Nutzungsbedingungen zul\u00e4ssig. Es wird darauf hingewiesen, dass Menges Medizintechnik nachdr\u00fccklich alle Rechte im Hinblick auf die Website und deren Inhalt, insbesondere im Hinblick auf ihr geistiges Eigentum wahrnehmen wird, einschlie\u00dflich der Einleitung strafrechtlicher Schritte.<\/p>\n<p class=\"bodytext\">Menges Medizintechnik gestattet die Ansicht und das Herunterladen des auf der Website enthaltenen Materials nur zum privaten, nichtkommerziellen Gebrauch, vorausgesetzt, dass bei der Vervielf\u00e4ltigung des Materials auf die entsprechenden Urheber- und Eigentumsrechte hingewiesen wird. Ohne ausdr\u00fcckliches Einverst\u00e4ndnis von Menges Medizintechnik darf der Inhalt der Website einschlie\u00dflich der Texte, der Bilder, des Ton- und des Videomaterials, zu \u00f6ffentlichen oder kommerziellen Zwecken weder verbreitet, ver\u00e4ndert, \u00fcbertragen, wiederverwendet noch publiziert werden, sofern und soweit dies nicht gesetzlich erlaubt ist.<\/p>\n<p class=\"bodytext\">Weder Menges Medizintechnik noch Dritte, die an der Einrichtung, Erstellung oder \u00dcbermittlung der Website beteiligt sind, sind f\u00fcr Sch\u00e4den (einschlie\u00dflich eines Virenbefalls Ihres Computers) verantwortlich, die aus dem Zugang zur Website oder der m\u00f6glichen bzw. einer eventuellen nicht m\u00f6glichen Nutzung der Website entstehen k\u00f6nnen.<\/p>\n<p class=\"bodytext\">Querverweise (\u201eLinks\u201c) von dieser Website auf Websites Dritter sind nicht als Empfehlung von Menges Medizintechnik f\u00fcr das jeweilige Unternehmen, dessen Produkte oder Dienstleistungen zu verstehen. Menges Medizintechnik hat nicht alle Websites Dritter kontrolliert und \u00fcbernimmt f\u00fcr die dort vorgefundenen Inhalte bzw. weiteren Links keinerlei Verantwortung. Die Nutzung eines Links erfolgt auf eigene Gefahr.<\/p>\n<p class=\"bodytext\">Alle Inhalte und Informationen, die Sie an Menges Medizintechnik \u00fcber die Website oder per E-Mail \u00fcbermitteln (nachfolgend \u201e\u00dcbertragungen\u201c), gelten als nicht vertraulich und als nicht urheber- und eigentumsrechtlich gesch\u00fctzt. Menges Medizintechnik und ihre Konzerngesellschaften k\u00f6nnen alle \u00dcbertragungen f\u00fcr jeden Zweck, einschlie\u00dflich der Reproduktion, Bekanntgabe, \u00dcbertragung und Ver\u00f6ffentlichung, verwenden. Es ist untersagt, bedrohende, beleidigende, verleumderische, diffamierende, pornografische, sittenwidrige oder anderweitig rechtswidrige Inhalte an diese Website zu \u00fcbermitteln bzw. von dieser Website aus zu verbreiten.<\/p>\n<p class=\"bodytext\">Menges Medizintechnik steht es frei, diese Nutzungsbedingungen jederzeit mit sofortiger Wirkung zu aktualisieren und zu \u00e4ndern. Jeder Nutzer sollte daher die Website regelm\u00e4\u00dfig nach der jeweils aktuellen Version dieser Nutzungsbedingungen durchsehen.<\/p>\n\n            <\/div>\n            <\/div>\n<\/div>","protected":false},"excerpt":{"rendered":"","protected":false},"author":1,"featured_media":0,"parent":0,"menu_order":22,"comment_status":"closed","ping_status":"closed","template":"","meta":{"_acf_changed":false,"footnotes":""},"class_list":["post-10158","page","type-page","status-publish","hentry"],"acf":[],"_links":{"self":[{"href":"https:\/\/menges.cake-health.com\/fr\/wp-json\/wp\/v2\/pages\/10158","targetHints":{"allow":["GET"]}}],"collection":[{"href":"https:\/\/menges.cake-health.com\/fr\/wp-json\/wp\/v2\/pages"}],"about":[{"href":"https:\/\/menges.cake-health.com\/fr\/wp-json\/wp\/v2\/types\/page"}],"author":[{"embeddable":true,"href":"https:\/\/menges.cake-health.com\/fr\/wp-json\/wp\/v2\/users\/1"}],"replies":[{"embeddable":true,"href":"https:\/\/menges.cake-health.com\/fr\/wp-json\/wp\/v2\/comments?post=10158"}],"version-history":[{"count":5,"href":"https:\/\/menges.cake-health.com\/fr\/wp-json\/wp\/v2\/pages\/10158\/revisions"}],"predecessor-version":[{"id":10991,"href":"https:\/\/menges.cake-health.com\/fr\/wp-json\/wp\/v2\/pages\/10158\/revisions\/10991"}],"wp:attachment":[{"href":"https:\/\/menges.cake-health.com\/fr\/wp-json\/wp\/v2\/media?parent=10158"}],"curies":[{"name":"wp","href":"https:\/\/api.w.org\/{rel}","templated":true}]}}