{"id":10175,"date":"2020-09-14T09:02:25","date_gmt":"2020-09-14T07:02:25","guid":{"rendered":"https:\/\/menges.cake-health.com\/?page_id=10175"},"modified":"2025-09-10T08:51:06","modified_gmt":"2025-09-10T06:51:06","slug":"partner","status":"publish","type":"page","link":"https:\/\/menges.cake-health.com\/fr\/uber-medical-systems-fr\/partner\/","title":{"rendered":"Partenaires"},"content":{"rendered":"<div class=\"section-header no-bottom-padding\">\n    <div class=\"section-header-wrapper\">\n\t\t<div class=\"breadcrumb\">\n\t\t\t<ul><li><a href=\"https:\/\/menges.cake-health.com\/fr\/\">\u00c0 propos de Menges<\/a><\/li><li>Partenaires<\/li><\/ul>\n\t\t<\/div>\n\t\t\t\t\t<h2 class=\"headline\">\n\t\t\t<span class=\"highlighten\">\n\t\t\t\t<span>\n\t\t\t\t\tPartenaires \n\t\t\t\t<\/span>\n\t\t\t<\/span>\n\t\t\t<\/h2>\n\t\t\t\t\t\t\t<div class=\"intro-content\">\n\t\t\t\t<p>Gr\u00e2ce \u00e0 nos relations avec des entreprises partenaires en Suisse et \u00e0 l&rsquo;\u00e9tranger, nous pouvons vous proposer des produits m\u00e9dicaux innovants et de grande qualit\u00e9. Nous nous effor\u00e7ons constamment d&rsquo;\u00e9largir la gamme de produits avec des produits de qualit\u00e9.<\/p>\n\n\t\t\t<\/div>\n\t\t\t<\/div>\n<\/div>\n\n<div class=\"image-grid\">\n    <div class=\"image-grid-wrapper\">\n        \n                    <a href=\"http:\/\/ecoray.kr\/\" target=\"_blank\" class=\"image\" style=\"background-image: url(https:\/\/menges.cake-health.com\/wp-content\/uploads\/2020\/12\/ecoray_200-1.jpg)\"><\/a>\n                    <a href=\"https:\/\/www.endomag.com\/\" target=\"_blank\" class=\"image\" style=\"background-image: url(https:\/\/menges.cake-health.com\/wp-content\/uploads\/2023\/03\/endomag-logo-navy-rgb-300x77-1.png)\"><\/a>\n                    <a href=\"https:\/\/www.febromed.de\/startseite.html\" target=\"_blank\" class=\"image\" style=\"background-image: url(https:\/\/menges.cake-health.com\/wp-content\/uploads\/2020\/09\/febromed_150.jpg)\"><\/a>\n                    <a href=\"http:\/\/www3.gehealthcare.de\/\" target=\"_blank\" class=\"image\" style=\"background-image: url(https:\/\/menges.cake-health.com\/wp-content\/uploads\/2020\/09\/GE-Healthcare-Logo-2023-scaled.jpg)\"><\/a>\n                    <a href=\"https:\/\/ihs.ch\/de\" target=\"_blank\" class=\"image\" style=\"background-image: url(https:\/\/menges.cake-health.com\/wp-content\/uploads\/2024\/04\/logoihs.png)\"><\/a>\n                    <a href=\"https:\/\/www.konicaminolta.eu\/eu-en\/healthcare\/\" target=\"_blank\" class=\"image\" style=\"background-image: url(https:\/\/menges.cake-health.com\/wp-content\/uploads\/2020\/09\/konica.jpg)\"><\/a>\n                    <a href=\"https:\/\/www.kubtec.com\/\" target=\"_blank\" class=\"image\" style=\"background-image: url(https:\/\/menges.cake-health.com\/wp-content\/uploads\/2020\/09\/kubtec.jpg)\"><\/a>\n                    <a href=\"https:\/\/www.lmt-medicalsystems.com\/de\/\" target=\"_blank\" class=\"image\" style=\"background-image: url(https:\/\/menges.cake-health.com\/wp-content\/uploads\/2020\/09\/lmt_170.jpg)\"><\/a>\n                    <a href=\"http:\/\/www.mammotome.com\/\" target=\"_blank\" class=\"image\" style=\"background-image: url(https:\/\/menges.cake-health.com\/wp-content\/uploads\/2024\/04\/logomammotome.png)\"><\/a>\n                    <a href=\"http:\/\/www.mavig.de\/\" target=\"_blank\" class=\"image\" style=\"background-image: url(https:\/\/menges.cake-health.com\/wp-content\/uploads\/2020\/09\/mavig.jpg)\"><\/a>\n                    <a href=\"https:\/\/www.mipm.com\/de\" target=\"_blank\" class=\"image\" style=\"background-image: url(https:\/\/menges.cake-health.com\/wp-content\/uploads\/2021\/08\/Logo_mipm.jpg)\"><\/a>\n                    <a href=\"http:\/\/www.svmtr.ch\" target=\"_blank\" class=\"image\" style=\"background-image: url(https:\/\/menges.cake-health.com\/wp-content\/uploads\/2024\/08\/Logo_SVMTR_D_neutral_rgb-scaled.jpg)\"><\/a>\n                    <a href=\"https:\/\/swiss-medtech.ch\/\" target=\"_blank\" class=\"image\" style=\"background-image: url(https:\/\/menges.cake-health.com\/wp-content\/uploads\/2023\/01\/SMT_Member-Logo.jpg)\"><\/a>\n                    <a href=\"http:\/\/www.ulrichmedical.de\/\" target=\"_blank\" class=\"image\" style=\"background-image: url(https:\/\/menges.cake-health.com\/wp-content\/uploads\/2020\/09\/ulrich.jpg)\"><\/a>\n                    <a href=\"https:\/\/wardray-premise.com\/\" target=\"_blank\" class=\"image\" style=\"background-image: url(https:\/\/menges.cake-health.com\/wp-content\/uploads\/2025\/09\/Logo_Wardray.jpg)\"><\/a>\n                \n    <\/div>\n<\/div>","protected":false},"excerpt":{"rendered":"","protected":false},"author":1,"featured_media":0,"parent":9955,"menu_order":48,"comment_status":"closed","ping_status":"closed","template":"","meta":{"_acf_changed":false,"footnotes":""},"class_list":["post-10175","page","type-page","status-publish","hentry"],"acf":[],"_links":{"self":[{"href":"https:\/\/menges.cake-health.com\/fr\/wp-json\/wp\/v2\/pages\/10175","targetHints":{"allow":["GET"]}}],"collection":[{"href":"https:\/\/menges.cake-health.com\/fr\/wp-json\/wp\/v2\/pages"}],"about":[{"href":"https:\/\/menges.cake-health.com\/fr\/wp-json\/wp\/v2\/types\/page"}],"author":[{"embeddable":true,"href":"https:\/\/menges.cake-health.com\/fr\/wp-json\/wp\/v2\/users\/1"}],"replies":[{"embeddable":true,"href":"https:\/\/menges.cake-health.com\/fr\/wp-json\/wp\/v2\/comments?post=10175"}],"version-history":[{"count":24,"href":"https:\/\/menges.cake-health.com\/fr\/wp-json\/wp\/v2\/pages\/10175\/revisions"}],"predecessor-version":[{"id":14933,"href":"https:\/\/menges.cake-health.com\/fr\/wp-json\/wp\/v2\/pages\/10175\/revisions\/14933"}],"up":[{"embeddable":true,"href":"https:\/\/menges.cake-health.com\/fr\/wp-json\/wp\/v2\/pages\/9955"}],"wp:attachment":[{"href":"https:\/\/menges.cake-health.com\/fr\/wp-json\/wp\/v2\/media?parent=10175"}],"curies":[{"name":"wp","href":"https:\/\/api.w.org\/{rel}","templated":true}]}}