{"id":10176,"date":"2020-11-23T11:04:00","date_gmt":"2020-11-23T10:04:00","guid":{"rendered":"https:\/\/menges.cake-health.com\/?page_id=10176"},"modified":"2021-03-24T14:28:15","modified_gmt":"2021-03-24T13:28:15","slug":"technisches-service","status":"publish","type":"page","link":"https:\/\/menges.cake-health.com\/fr\/uber-medical-systems-fr\/technisches-service\/","title":{"rendered":"Service technique"},"content":{"rendered":"<div class=\"section-header no-bottom-padding\">\n    <div class=\"section-header-wrapper\">\n\t\t<div class=\"breadcrumb\">\n\t\t\t<ul><li><a href=\"https:\/\/menges.cake-health.com\/fr\/\">\u00c0 propos de Menges<\/a><\/li><li>Service technique<\/li><\/ul>\n\t\t<\/div>\n\t\t\t\t\t<h2 class=\"headline\">\n\t\t\t<span class=\"highlighten\">\n\t\t\t\t<span>\n\t\t\t\t\tService technique\n\t\t\t\t<\/span>\n\t\t\t<\/span>\n\t\t\t<\/h2>\n\t\t\t\t\t<\/div>\n<\/div>\n\n<div class=\"multifunctional-content \">\n    <div class=\"multifunctional-content-wrapper\">\n        <div class=\"multifunctional-content-item \">\n                        <div class=\"content-wrapper \">\n                                <div class=\"content-container \">\n                                            <div class=\"content\">\n                            <p><i class=\"fas fa-phone\"><\/i> <a href=\"tel:01 801 04 \u2013 2587\">+41 71 54 44 721<\/a><br \/>\n<i class=\"fas fa-envelope\"><\/i> <a href=\"mailto:service@sanova.at\" target=\"_blank\" rel=\"noopener\">info@menges.cake-health.com<\/a><\/p>\n<p>Lundi \u2013 jeudi, de 07.00 \u00e0 16.00<br \/>\nVendredi, de 08.00 \u00e0 12.30<\/p>\n\n                        <\/div>\n                                                        <\/div>\n            <\/div>\n                    <\/div>\n    <\/div>\n<\/div>\n\n<div class=\"multifunctional-content \">\n    <div class=\"multifunctional-content-wrapper\">\n        <div class=\"multifunctional-content-item \">\n                            <img decoding=\"async\" class=\"topimage\" src=\"https:\/\/menges.cake-health.com\/wp-content\/uploads\/2020\/09\/tech-service-1.jpg\" alt=\"\">\n                        <div class=\"content-wrapper topimage\">\n                                <div class=\"content-container \">\n                                            <div class=\"content\">\n                            <p>PROFESSIONNEL &#8211; COMP\u00c9TENT &#8211; FIABLE<\/p>\n<p>Menges Medizintechnik se consid\u00e8re comme une entreprise de services dans le secteur de la sant\u00e9.<\/p>\n<p>Gr\u00e2ce \u00e0 nos nombreuses ann\u00e9es d&rsquo;exp\u00e9rience et \u00e0 l&rsquo;attention que nous portons \u00e0 nos clients, nous sommes aujourd&rsquo;hui un partenaire appr\u00e9ci\u00e9 et fiable dans les h\u00f4pitaux, les cabinets m\u00e9dicaux et divers \u00e9tablissements de soins de sant\u00e9 pour de tr\u00e8s nombreuses exigences en mati\u00e8re de technologie m\u00e9dicale.<\/p>\n<p>Nous offrons \u00e0 nos clients un r\u00e9seau de services complet pour toute la Suisse.<\/p>\n\n                        <\/div>\n                                                        <\/div>\n            <\/div>\n                    <\/div>\n    <\/div>\n<\/div>\n\n<div class=\"multifunctional-content \">\n    <div class=\"multifunctional-content-wrapper\">\n        <div class=\"multifunctional-content-item \">\n                            <img decoding=\"async\" class=\"topimage\" src=\"https:\/\/menges.cake-health.com\/wp-content\/uploads\/2020\/09\/tech-serv-beratung.jpg\" alt=\"\">\n                        <div class=\"content-wrapper topimage\">\n                                    <h2 class=\"headline\">\n                        Consultation\n                    <\/h2>\n                                <div class=\"content-container \">\n                                            <div class=\"content\">\n                            <p>IL N&rsquo;EST JAMAIS TROP T\u00d4T POUR NOUS CONTACTER<\/p>\n<p>Chaque jour, notre \u00e9quipe s&rsquo;efforce de r\u00e9pondre \u00e0 vos exigences et \u00e0 vos questions.<\/p>\n<p>Notre service commercial est sur la route pour vous accompagner dans la planification et la mise en \u0153uvre de nouveaux \u00e9quipements de technologie m\u00e9dicale. Plus t\u00f4t vous solliciterez notre soutien professionnel, plus simple sera pour vous l\u2019organisation de mesures telles que l&rsquo;\u00e9tablissement des budgets, les modifications des locaux, la planification des activit\u00e9s avec les patients pendant les travaux, etc.<\/p>\n<p>Une fois que vous avez choisi l&rsquo;un de nos produits, nous nous tenons \u00e0 votre disposition en tant que partenaire comp\u00e9tent et fiable pour toutes les questions concernant les contr\u00f4les techniques de s\u00e9curit\u00e9, la maintenance, la r\u00e9paration et bien davantage encore.<\/p>\n<p>&nbsp;<\/p>\n\n                        <\/div>\n                                                        <\/div>\n            <\/div>\n                    <\/div>\n    <\/div>\n<\/div>\n\n<div class=\"multifunctional-content \">\n    <div class=\"multifunctional-content-wrapper\">\n        <div class=\"multifunctional-content-item \">\n                            <img decoding=\"async\" class=\"topimage\" src=\"https:\/\/menges.cake-health.com\/wp-content\/uploads\/2020\/09\/tech-serv-gera\u0308teinstallation.jpg\" alt=\"\">\n                        <div class=\"content-wrapper topimage\">\n                                    <h2 class=\"headline\">\n                        Installation du dispositif\n                    <\/h2>\n                                <div class=\"content-container \">\n                                            <div class=\"content\">\n                            <p>CONFIEZ-NOUS L&rsquo;INSTALLATION DU DISPOSITIF<\/p>\n<p>Nos clients appr\u00e9cient une grande flexibilit\u00e9 et une grande fiabilit\u00e9 dans le traitement des commandes.<\/p>\n<p>Notre \u00e9quipe se compose de sp\u00e9cialistes qui pr\u00e9parent pour vous la mise en service des nouveaux dispositifs m\u00e9dicaux sur place en tenant compte des op\u00e9rations en cours et des conditions d&rsquo;hygi\u00e8ne sensibles, par exemple dans les salles d&rsquo;op\u00e9ration.<\/p>\n<p>Nos nombreuses ann\u00e9es d&rsquo;exp\u00e9rience et notre savoir-faire technique garantissent le bon fonctionnement des installations, m\u00eame les plus complexes.<\/p>\n\n                        <\/div>\n                                                        <\/div>\n            <\/div>\n                    <\/div>\n    <\/div>\n<\/div>\n\n<div class=\"multifunctional-content \">\n    <div class=\"multifunctional-content-wrapper\">\n        <div class=\"multifunctional-content-item \">\n                            <img decoding=\"async\" class=\"topimage\" src=\"https:\/\/menges.cake-health.com\/wp-content\/uploads\/2020\/09\/tech-serv-einschulung.jpg\" alt=\"\">\n                        <div class=\"content-wrapper topimage\">\n                                    <h2 class=\"headline\">\n                        Formation\n                    <\/h2>\n                                <div class=\"content-container \">\n                                            <div class=\"content\">\n                            <p>LE PATIENT EST AU CENTRE DES PR\u00c9OCCUPATIONS<\/p>\n<p>Chez Menges Medizintechnik, nous offrons une formation compl\u00e8te pour tous les produits que nous vendons.<\/p>\n<p>Vous apprenez \u00e0 utiliser le nouveau dispositif m\u00e9dical en suivant les instructions de notre \u00e9quipe sympathique et comp\u00e9tente. Nous vous accompagnons lors de vos premi\u00e8res utilisations, afin que tous vos patients puissent b\u00e9n\u00e9ficier de la meilleure prise en charge d\u00e8s le d\u00e9but.<\/p>\n\n                        <\/div>\n                                                        <\/div>\n            <\/div>\n                    <\/div>\n    <\/div>\n<\/div>\n\n<div class=\"multifunctional-content \">\n    <div class=\"multifunctional-content-wrapper\">\n        <div class=\"multifunctional-content-item \">\n                        <div class=\"content-wrapper \">\n                                    <h2 class=\"headline\">\n                        T\u00e9l\u00e9maintenance\n                    <\/h2>\n                                <div class=\"content-container \">\n                                            <div class=\"content\">\n                            <p>AIDE A DISTANCE<\/p>\n<p>Pour un nombre toujours croissant de dispositifs m\u00e9dicaux, nous pouvons vous proposer une maintenance \u00e0 distance. La condition requise est une connexion Internet existante avec le dispositif concern\u00e9.<\/p>\n<p>Nos techniciens se connectent au PC sous votre supervision et avec votre autorisation et peuvent ainsi traiter votre demande. Nous vous aidons ainsi \u00e0 r\u00e9duire rapidement et facilement les temps d&rsquo;arr\u00eat. Cette intervention technique n\u2019entra\u00eene pas frais de d\u00e9placement suppl\u00e9mentaires. Vous faites ainsi des \u00e9conomies de temps et d&rsquo;argent!<\/p>\n<p><!-- TeamViewer Logo (generated at https:\/\/www.teamviewer.com) --><\/p>\n<div class=\"ux-response\" style=\"position: relative; width: 200px; height: 125px;\"><a style=\"text-decoration: none;\" href=\"https:\/\/get.teamviewer.com\/6h66dzq\" target=\"_blank\" rel=\"noopener\"><img loading=\"lazy\" decoding=\"async\" title=\"TeamViewer \u2013 die Software f\u00fcr den Zugriff auf PCs \u00fcber das Internet\" src=\"https:\/\/static.teamviewer.com\/resources\/badges\/teamviewer_badge_flat2.png\" alt=\"TeamViewer \u2013 die Software f\u00fcr den Zugriff auf PCs \u00fcber das Internet\" width=\"200\" height=\"125\" border=\"0\" \/><br \/>\n<span style=\"position: absolute; top: 87.5px; left: 5px; display: block; cursor: pointer; color: white; font-family: Arial; font-size: 14px; line-height: 1.2em; font-weight: bold; text-align: center; width: 190px;\">Sanova Pharma GesmbH<br \/>\n<small>Download pour la t\u00e9l\u00e9maintenace<\/small><\/span><\/a><\/div>\n\n                        <\/div>\n                                                        <\/div>\n            <\/div>\n                    <\/div>\n    <\/div>\n<\/div>\n\n<div class=\"multifunctional-content \">\n    <div class=\"multifunctional-content-wrapper\">\n        <div class=\"multifunctional-content-item \">\n                        <div class=\"content-wrapper \">\n                                    <h2 class=\"headline\">\n                        Service t\u00e9l\u00e9phonique\n                    <\/h2>\n                                <div class=\"content-container \">\n                                            <div class=\"content\">\n                            <p>RAPIDE, SIMPLE, COMP\u00c9TENT<\/p>\n<p>Notre \u00e9quipe s\u2019efforce en permanence de r\u00e9pondre \u00e0 vos demandes par courrier \u00e9lectronique, par fax ou par t\u00e9l\u00e9phone de mani\u00e8re cordiale et comp\u00e9tente ou de vous mettre en contact avec les sp\u00e9cialistes appropri\u00e9s de notre \u00e9quipe.<\/p>\n<p>Si vous disposez des noms des appareils, des num\u00e9ros de facture ou d&rsquo;autres informations importantes, nous serons en mesure vous aider plus rapidement encore.<\/p>\n\n                        <\/div>\n                                                        <\/div>\n            <\/div>\n                    <\/div>\n    <\/div>\n<\/div>","protected":false},"excerpt":{"rendered":"","protected":false},"author":1,"featured_media":0,"parent":9955,"menu_order":51,"comment_status":"closed","ping_status":"closed","template":"","meta":{"_acf_changed":false,"footnotes":""},"class_list":["post-10176","page","type-page","status-publish","hentry"],"acf":[],"_links":{"self":[{"href":"https:\/\/menges.cake-health.com\/fr\/wp-json\/wp\/v2\/pages\/10176","targetHints":{"allow":["GET"]}}],"collection":[{"href":"https:\/\/menges.cake-health.com\/fr\/wp-json\/wp\/v2\/pages"}],"about":[{"href":"https:\/\/menges.cake-health.com\/fr\/wp-json\/wp\/v2\/types\/page"}],"author":[{"embeddable":true,"href":"https:\/\/menges.cake-health.com\/fr\/wp-json\/wp\/v2\/users\/1"}],"replies":[{"embeddable":true,"href":"https:\/\/menges.cake-health.com\/fr\/wp-json\/wp\/v2\/comments?post=10176"}],"version-history":[{"count":5,"href":"https:\/\/menges.cake-health.com\/fr\/wp-json\/wp\/v2\/pages\/10176\/revisions"}],"predecessor-version":[{"id":11253,"href":"https:\/\/menges.cake-health.com\/fr\/wp-json\/wp\/v2\/pages\/10176\/revisions\/11253"}],"up":[{"embeddable":true,"href":"https:\/\/menges.cake-health.com\/fr\/wp-json\/wp\/v2\/pages\/9955"}],"wp:attachment":[{"href":"https:\/\/menges.cake-health.com\/fr\/wp-json\/wp\/v2\/media?parent=10176"}],"curies":[{"name":"wp","href":"https:\/\/api.w.org\/{rel}","templated":true}]}}