{"id":10177,"date":"2020-11-23T11:03:58","date_gmt":"2020-11-23T10:03:58","guid":{"rendered":"https:\/\/menges.cake-health.com\/?page_id=10177"},"modified":"2020-12-18T18:40:46","modified_gmt":"2020-12-18T17:40:46","slug":"news","status":"publish","type":"page","link":"https:\/\/menges.cake-health.com\/fr\/uber-medical-systems-fr\/news\/","title":{"rendered":"News"},"content":{"rendered":"<div class=\"section-header no-bottom-padding\">\n    <div class=\"section-header-wrapper\">\n\t\t<div class=\"breadcrumb\">\n\t\t\t<ul><li><a href=\"https:\/\/menges.cake-health.com\/fr\/\">\u00c0 propos de Menges<\/a><\/li><li>News<\/li><\/ul>\n\t\t<\/div>\n\t\t\t\t\t<h2 class=\"headline\">\n\t\t\t<span class=\"highlighten\">\n\t\t\t\t<span>\n\t\t\t\t\tNews\n\t\t\t\t<\/span>\n\t\t\t<\/span>\n\t\t\t<\/h2>\n\t\t\t\t\t<\/div>\n<\/div>\n\n<div class=\"news-overview\">\n\t<div class=\"news-overview-wrapper\">\n\t\t<div class=\"feature-news content-align-wrapper\">\n\t\t\t\n\n\t\t\t<div class=\"content-align-container\">\n\t\t\t\t<div class=\"news-preview-container\">\n\t\t\t\t\t\t\t\t\t\t\t\t\t\t\t\t\t\t<a href=\"https:\/\/menges.cake-health.com\/fr\/2025\/11\/06\/menges-medizintechnik-recherche-un-renfort-specialiste-en-applications-h-f-d\/\" class=\"news-preview-item ux-response\">\n\t\t\t\t\t\t\t\t<div class=\"news-preview-item-image\" style=\"background-image: url('https:\/\/menges.cake-health.com\/wp-content\/uploads\/2025\/09\/MengesQuadrat-1.png')\"><\/div>\n\t\t\t\t\t\t\t\t<div class=\"news-preview-item-container\">\n\t\t\t\t\t\t\t\t\t<div class=\"news-preview-item-date\">\n\t\t\t\t\t\t\t\t\t\t06.11.2025\n\t\t\t\t\t\t\t\t\t<\/div>\n\t\t\t\t\t\t\t\t\t<div class=\"news-preview-item-title max-width\">\n\t\t\t\t\t\t\t\t\t\tMenges Medizintechnik recherche un renfort: Sp\u00e9cialiste en applications (h\/f\/d)\n\t\t\t\t\t\t\t\t\t<\/div>\n\t\t\t\t\t\t\t\t<\/div>\n\t\t\t\t\t\t\t<\/a>\n\t\t\t\t\t\t\t\t\t\t\t\t\t\t\t\t\t\t\t\t\t\t\t\t<a href=\"https:\/\/menges.cake-health.com\/fr\/2025\/09\/17\/menges-medizintechnik-recherche-un-renfort-responsable-grands-comptes-h-f-radiologie-medecine-nucleaire\/\" class=\"news-preview-item ux-response\">\n\t\t\t\t\t\t\t\t<div class=\"news-preview-item-image\" style=\"background-image: url('https:\/\/menges.cake-health.com\/wp-content\/uploads\/2025\/09\/MengesQuadrat-1.png')\"><\/div>\n\t\t\t\t\t\t\t\t<div class=\"news-preview-item-container\">\n\t\t\t\t\t\t\t\t\t<div class=\"news-preview-item-date\">\n\t\t\t\t\t\t\t\t\t\t17.09.2025\n\t\t\t\t\t\t\t\t\t<\/div>\n\t\t\t\t\t\t\t\t\t<div class=\"news-preview-item-title max-width\">\n\t\t\t\t\t\t\t\t\t\tMenges Medizintechnik recherche un renfort: Responsable grands comptes (h\/f) Radiologie\/M\u00e9decine nucl\u00e9aire\n\t\t\t\t\t\t\t\t\t<\/div>\n\t\t\t\t\t\t\t\t<\/div>\n\t\t\t\t\t\t\t<\/a>\n\t\t\t\t\t\t\t\t\t\t\t\t\t\t\t\t\t\t\t\t\t\t\t\t<a href=\"https:\/\/menges.cake-health.com\/fr\/2025\/09\/10\/les-produits-wardray-compatibles-irm-font-desormais-partie-de-la-gamme-menges-medizintechnik\/\" class=\"news-preview-item ux-response\">\n\t\t\t\t\t\t\t\t<div class=\"news-preview-item-image\" style=\"background-image: url('https:\/\/menges.cake-health.com\/wp-content\/uploads\/2025\/09\/wardray2.png')\"><\/div>\n\t\t\t\t\t\t\t\t<div class=\"news-preview-item-container\">\n\t\t\t\t\t\t\t\t\t<div class=\"news-preview-item-date\">\n\t\t\t\t\t\t\t\t\t\t10.09.2025\n\t\t\t\t\t\t\t\t\t<\/div>\n\t\t\t\t\t\t\t\t\t<div class=\"news-preview-item-title max-width\">\n\t\t\t\t\t\t\t\t\t\tLes produits Wardray compatibles IRM font d\u00e9sormais partie de la gamme Menges Medizintechnik\n\t\t\t\t\t\t\t\t\t<\/div>\n\t\t\t\t\t\t\t\t<\/div>\n\t\t\t\t\t\t\t<\/a>\n\t\t\t\t\t\t\t\t\t\t\t\t\t\t\t\t\t\t\t\t\t\t\t\t<a href=\"https:\/\/menges.cake-health.com\/fr\/2025\/08\/19\/nouveau-moniteur-irm-tesla-m3\/\" class=\"news-preview-item ux-response\">\n\t\t\t\t\t\t\t\t<div class=\"news-preview-item-image\" style=\"background-image: url('https:\/\/menges.cake-health.com\/wp-content\/uploads\/2025\/08\/teslam3mipm-1.jpg')\"><\/div>\n\t\t\t\t\t\t\t\t<div class=\"news-preview-item-container\">\n\t\t\t\t\t\t\t\t\t<div class=\"news-preview-item-date\">\n\t\t\t\t\t\t\t\t\t\t19.08.2025\n\t\t\t\t\t\t\t\t\t<\/div>\n\t\t\t\t\t\t\t\t\t<div class=\"news-preview-item-title max-width\">\n\t\t\t\t\t\t\t\t\t\tNouveau moniteur IRM Tesla M3\n\t\t\t\t\t\t\t\t\t<\/div>\n\t\t\t\t\t\t\t\t<\/div>\n\t\t\t\t\t\t\t<\/a>\n\t\t\t\t\t\t\t\t\t\t\t\t\t\t\t\t\t\t\t\t\t\t\t\t<a href=\"https:\/\/menges.cake-health.com\/fr\/2025\/04\/10\/tarmed-devient-tardoc-pour-que-le-tardoc-ne-soit-pas-une-charge-mais-une-chance\/\" class=\"news-preview-item ux-response\">\n\t\t\t\t\t\t\t\t<div class=\"news-preview-item-image\" style=\"background-image: url('https:\/\/menges.cake-health.com\/wp-content\/uploads\/2025\/03\/tarmedtardoc-821x1024.jpg')\"><\/div>\n\t\t\t\t\t\t\t\t<div class=\"news-preview-item-container\">\n\t\t\t\t\t\t\t\t\t<div class=\"news-preview-item-date\">\n\t\t\t\t\t\t\t\t\t\t10.04.2025\n\t\t\t\t\t\t\t\t\t<\/div>\n\t\t\t\t\t\t\t\t\t<div class=\"news-preview-item-title max-width\">\n\t\t\t\t\t\t\t\t\t\tTARMED devient TARDOC! Pour que le TARDOC ne soit pas une charge, mais une chance.\n\t\t\t\t\t\t\t\t\t<\/div>\n\t\t\t\t\t\t\t\t<\/div>\n\t\t\t\t\t\t\t<\/a>\n\t\t\t\t\t\t\t\t\t\t\t\t\t\t\t\t\t\t\t\t\t\t\t\t<a href=\"https:\/\/menges.cake-health.com\/fr\/2024\/10\/21\/solutions-de-financement-pour-les-injecteurs-de-produits-de-contraste\/\" class=\"news-preview-item ux-response\">\n\t\t\t\t\t\t\t\t<div class=\"news-preview-item-image\" style=\"background-image: url('https:\/\/menges.cake-health.com\/wp-content\/uploads\/2024\/10\/handschlag_v1-1024x988.jpg')\"><\/div>\n\t\t\t\t\t\t\t\t<div class=\"news-preview-item-container\">\n\t\t\t\t\t\t\t\t\t<div class=\"news-preview-item-date\">\n\t\t\t\t\t\t\t\t\t\t21.10.2024\n\t\t\t\t\t\t\t\t\t<\/div>\n\t\t\t\t\t\t\t\t\t<div class=\"news-preview-item-title max-width\">\n\t\t\t\t\t\t\t\t\t\tSolutions de financement pour les injecteurs de produits de contraste\n\t\t\t\t\t\t\t\t\t<\/div>\n\t\t\t\t\t\t\t\t<\/div>\n\t\t\t\t\t\t\t<\/a>\n\t\t\t\t\t\t\t\t\t\t\t\t\t\t\t\t\t\t\t\t\t\t\t\t<a href=\"https:\/\/menges.cake-health.com\/fr\/2024\/10\/15\/menges-medizintechnik-svmtr-scellent-un-partenariat\/\" class=\"news-preview-item ux-response\">\n\t\t\t\t\t\t\t\t<div class=\"news-preview-item-image\" style=\"background-image: url('https:\/\/menges.cake-health.com\/wp-content\/uploads\/2024\/10\/svmtr-NL-posting-1024x1024.jpg')\"><\/div>\n\t\t\t\t\t\t\t\t<div class=\"news-preview-item-container\">\n\t\t\t\t\t\t\t\t\t<div class=\"news-preview-item-date\">\n\t\t\t\t\t\t\t\t\t\t15.10.2024\n\t\t\t\t\t\t\t\t\t<\/div>\n\t\t\t\t\t\t\t\t\t<div class=\"news-preview-item-title max-width\">\n\t\t\t\t\t\t\t\t\t\tMenges Medizintechnik &#038; SVMTR scellent un partenariat!\n\t\t\t\t\t\t\t\t\t<\/div>\n\t\t\t\t\t\t\t\t<\/div>\n\t\t\t\t\t\t\t<\/a>\n\t\t\t\t\t\t\t\t\t\t\t\t\t\t\t\t\t\t\t\t\t\t\t\t<a href=\"https:\/\/menges.cake-health.com\/fr\/2024\/05\/22\/venez-nous-rendre-visite-a-la-scr-a-geneve\/\" class=\"news-preview-item ux-response\">\n\t\t\t\t\t\t\t\t<div class=\"news-preview-item-image\" style=\"background-image: url('https:\/\/menges.cake-health.com\/wp-content\/uploads\/2024\/05\/SCR_Headerbild2024_quadr.jpg')\"><\/div>\n\t\t\t\t\t\t\t\t<div class=\"news-preview-item-container\">\n\t\t\t\t\t\t\t\t\t<div class=\"news-preview-item-date\">\n\t\t\t\t\t\t\t\t\t\t22.05.2024\n\t\t\t\t\t\t\t\t\t<\/div>\n\t\t\t\t\t\t\t\t\t<div class=\"news-preview-item-title max-width\">\n\t\t\t\t\t\t\t\t\t\tVenez nous rendre visite \u00e0 la SCR \u00e0 Gen\u00e8ve !\n\t\t\t\t\t\t\t\t\t<\/div>\n\t\t\t\t\t\t\t\t<\/div>\n\t\t\t\t\t\t\t<\/a>\n\t\t\t\t\t\t\t\t\t\t\t\t\t\t\t\t\t\t\t\t\t\t\t\t<a href=\"https:\/\/menges.cake-health.com\/fr\/2024\/04\/16\/la-collection-victoria-de-mavig-est-maintenant-disponible-chez-nous\/\" class=\"news-preview-item ux-response\">\n\t\t\t\t\t\t\t\t<div class=\"news-preview-item-image\" style=\"background-image: url('https:\/\/menges.cake-health.com\/wp-content\/uploads\/2024\/04\/Victoria-Mantel-1024x1021.jpg')\"><\/div>\n\t\t\t\t\t\t\t\t<div class=\"news-preview-item-container\">\n\t\t\t\t\t\t\t\t\t<div class=\"news-preview-item-date\">\n\t\t\t\t\t\t\t\t\t\t16.04.2024\n\t\t\t\t\t\t\t\t\t<\/div>\n\t\t\t\t\t\t\t\t\t<div class=\"news-preview-item-title max-width\">\n\t\t\t\t\t\t\t\t\t\tLa collection Victoria de MAVIG est maintenant disponible chez nous!\n\t\t\t\t\t\t\t\t\t<\/div>\n\t\t\t\t\t\t\t\t<\/div>\n\t\t\t\t\t\t\t<\/a>\n\t\t\t\t\t\t\t\t\t\t\t\t\t\t\t\t\t\t\t\t\t\t\t\t<a href=\"https:\/\/menges.cake-health.com\/fr\/2024\/04\/16\/controle-qualite-des-elements-de-protection-contre-les-rayons-x-notre-service-pour-vous\/\" class=\"news-preview-item ux-response\">\n\t\t\t\t\t\t\t\t<div class=\"news-preview-item-image\" style=\"background-image: url('https:\/\/menges.cake-health.com\/wp-content\/uploads\/2024\/04\/flowd2021_kompr-1024x852.png')\"><\/div>\n\t\t\t\t\t\t\t\t<div class=\"news-preview-item-container\">\n\t\t\t\t\t\t\t\t\t<div class=\"news-preview-item-date\">\n\t\t\t\t\t\t\t\t\t\t16.04.2024\n\t\t\t\t\t\t\t\t\t<\/div>\n\t\t\t\t\t\t\t\t\t<div class=\"news-preview-item-title max-width\">\n\t\t\t\t\t\t\t\t\t\tContr\u00f4le qualit\u00e9 des \u00e9l\u00e9ments de protection contre les rayons X &#8211; Notre service pour vous !\n\t\t\t\t\t\t\t\t\t<\/div>\n\t\t\t\t\t\t\t\t<\/div>\n\t\t\t\t\t\t\t<\/a>\n\t\t\t\t\t\t\t\t\t\t\t\t\t\t\t\t\t\t\t\t\t\t\t\t<a href=\"https:\/\/menges.cake-health.com\/fr\/2024\/01\/21\/a-la-recherche-dun-nouvel-employe\/\" class=\"news-preview-item ux-response\">\n\t\t\t\t\t\t\t\t<div class=\"news-preview-item-image\" style=\"background-image: url('https:\/\/menges.cake-health.com\/wp-content\/uploads\/2023\/11\/wir_suchen_sie_quadr.jpg')\"><\/div>\n\t\t\t\t\t\t\t\t<div class=\"news-preview-item-container\">\n\t\t\t\t\t\t\t\t\t<div class=\"news-preview-item-date\">\n\t\t\t\t\t\t\t\t\t\t21.01.2024\n\t\t\t\t\t\t\t\t\t<\/div>\n\t\t\t\t\t\t\t\t\t<div class=\"news-preview-item-title max-width\">\n\t\t\t\t\t\t\t\t\t\t\u00c0 la recherche d&rsquo;un nouvel employ\u00e9\n\t\t\t\t\t\t\t\t\t<\/div>\n\t\t\t\t\t\t\t\t<\/div>\n\t\t\t\t\t\t\t<\/a>\n\t\t\t\t\t\t\t\t\t\t\t\t\t\t\t\t\t\t\t\t\t\t\t\t<a href=\"https:\/\/menges.cake-health.com\/fr\/2023\/04\/27\/radioreport-un-changement-de-paradigme-dans-les-resultats-radiologiques\/\" class=\"news-preview-item ux-response\">\n\t\t\t\t\t\t\t\t<div class=\"news-preview-item-image\" style=\"background-image: url('https:\/\/menges.cake-health.com\/wp-content\/uploads\/2023\/04\/radioreport_screen.jpg')\"><\/div>\n\t\t\t\t\t\t\t\t<div class=\"news-preview-item-container\">\n\t\t\t\t\t\t\t\t\t<div class=\"news-preview-item-date\">\n\t\t\t\t\t\t\t\t\t\t27.04.2023\n\t\t\t\t\t\t\t\t\t<\/div>\n\t\t\t\t\t\t\t\t\t<div class=\"news-preview-item-title max-width\">\n\t\t\t\t\t\t\t\t\t\tRadioReport : un changement de paradigme dans les r\u00e9sultats radiologiques\n\t\t\t\t\t\t\t\t\t<\/div>\n\t\t\t\t\t\t\t\t<\/div>\n\t\t\t\t\t\t\t<\/a>\n\t\t\t\t\t\t\t\t\t\t\t\t\t\t\t\t\t\t\t\t\t\t\t\t<a href=\"https:\/\/menges.cake-health.com\/fr\/2023\/02\/06\/sanova-a-lecr-2023-nous-vous-attendons-avec-impatience\/\" class=\"news-preview-item ux-response\">\n\t\t\t\t\t\t\t\t<div class=\"news-preview-item-image\" style=\"background-image: url('https:\/\/menges.cake-health.com\/wp-content\/uploads\/2023\/01\/ecr-2023_circle_News-952x1024.jpg')\"><\/div>\n\t\t\t\t\t\t\t\t<div class=\"news-preview-item-container\">\n\t\t\t\t\t\t\t\t\t<div class=\"news-preview-item-date\">\n\t\t\t\t\t\t\t\t\t\t06.02.2023\n\t\t\t\t\t\t\t\t\t<\/div>\n\t\t\t\t\t\t\t\t\t<div class=\"news-preview-item-title max-width\">\n\t\t\t\t\t\t\t\t\t\tSanova \u00e0 l&rsquo;ECR 2023 &#8211; Nous vous attendons avec impatience!\n\t\t\t\t\t\t\t\t\t<\/div>\n\t\t\t\t\t\t\t\t<\/div>\n\t\t\t\t\t\t\t<\/a>\n\t\t\t\t\t\t\t\t\t\t\t\t\t\t\t<\/div>\n\t\t\t<\/div>\n\n\t\t<\/div>\n\t<\/div>\n<\/div>\n\n\n\n<div class=\"newsletter-form\">\n\t<div class=\"newsletter-form-wrapper\">\n\n\t\t\n\t\t\t<form class=\"\" action=\"https:\/\/menges.cake-health.com\/fr\/newsletter-anmeldung\/\" method=\"get\">\n\n\t\t\t\t\t\t\t\t\t<h2 class=\"headline\">\n\t\t\t\t\t\t<span class=\"highlighten\">\n\t\t\t\t\t\t\t<span>\n\t\t\t\t\t\t\t\tLettre d\u2019information\n\t\t\t\t\t\t\t<\/span>\n\t\t\t\t\t\t<\/span>\n\t\t\t\t\t<\/h2>\n\t\t\t\t\n\n\t\t\t\t\t\t\t\t\t<div class=\"subline\">\n\t\t\t\t\t\t<p>Abonnez-vous \u00e0 Menges Medizintechnik News maintenant et soyez toujours les premiers inform\u00e9s.<br \/>\nLisez des nouveaut\u00e9s concernant nos produits ou des contenus actuels de notre site (lettre d\u2019information en langue allemande).<\/p>\n\n\t\t\t\t\t<\/div>\n\t\t\t\t\n\t\t\t\t<div class=\"form-wrapper start\">\n\t\t\t\t\t<div class=\"email-field row\">\n\t\t\t\t\t\t<input name=\"email\" placeholder=\"Adresse \u00e9lectronique\" value=\"\" type=\"text\"\/>\n\t\t\t\t\t<\/div>\n\n\t\t\t\t\t<div class=\"submit-button row\">\n\t\t\t\t\t\t<button type=\"submit\" class=\"ux-response\">Suivant<\/button>\n\t\t\t\t\t<\/div>\n\t\t\t\t<\/div>\n\n\t\t\t<\/form>\n\n\t\t\n\t<\/div>\n<\/div>\n\n<script>\n\t\n    function setResponse(response) {\n        document.getElementById('captcha-response').value = response;\n    }\n\n    function dg_check_jquery(){\n        if ( window.jQuery){\n\n            var mailcheck = \/^(([^<>()[\\]\\\\.,;:\\s@\\\"]+(\\.[^<>()[\\]\\\\.,;:\\s@\\\"]+)*)|(\\\".+\\\"))@((\\[[0-9]{1,3}\\.[0-9]{1,3}\\.[0-9]{1,3}\\.[0-9]{1,3}\\])|(([a-zA-Z\\-0-9]+\\.)+[a-zA-Z]{2,}))$\/;\n\n            if(($('#send-newsletter-form .email-field input').length != 0) && $('#send-newsletter-form .email-field input').val().match(mailcheck)) {\n                $('#send-newsletter-form .email-field').addClass('valid');\n            }\n\n        }\n        else{\n            window.setTimeout(\"dg_check_jquery();\",100);\n        }\n    }\n    dg_check_jquery();\n<\/script>","protected":false},"excerpt":{"rendered":"","protected":false},"author":1,"featured_media":0,"parent":9955,"menu_order":58,"comment_status":"closed","ping_status":"closed","template":"","meta":{"_acf_changed":false,"footnotes":""},"class_list":["post-10177","page","type-page","status-publish","hentry"],"acf":[],"_links":{"self":[{"href":"https:\/\/menges.cake-health.com\/fr\/wp-json\/wp\/v2\/pages\/10177","targetHints":{"allow":["GET"]}}],"collection":[{"href":"https:\/\/menges.cake-health.com\/fr\/wp-json\/wp\/v2\/pages"}],"about":[{"href":"https:\/\/menges.cake-health.com\/fr\/wp-json\/wp\/v2\/types\/page"}],"author":[{"embeddable":true,"href":"https:\/\/menges.cake-health.com\/fr\/wp-json\/wp\/v2\/users\/1"}],"replies":[{"embeddable":true,"href":"https:\/\/menges.cake-health.com\/fr\/wp-json\/wp\/v2\/comments?post=10177"}],"version-history":[{"count":6,"href":"https:\/\/menges.cake-health.com\/fr\/wp-json\/wp\/v2\/pages\/10177\/revisions"}],"predecessor-version":[{"id":10930,"href":"https:\/\/menges.cake-health.com\/fr\/wp-json\/wp\/v2\/pages\/10177\/revisions\/10930"}],"up":[{"embeddable":true,"href":"https:\/\/menges.cake-health.com\/fr\/wp-json\/wp\/v2\/pages\/9955"}],"wp:attachment":[{"href":"https:\/\/menges.cake-health.com\/fr\/wp-json\/wp\/v2\/media?parent=10177"}],"curies":[{"name":"wp","href":"https:\/\/api.w.org\/{rel}","templated":true}]}}