{"id":10179,"date":"2020-11-23T11:03:52","date_gmt":"2020-11-23T10:03:52","guid":{"rendered":"https:\/\/menges.cake-health.com\/?page_id=10179"},"modified":"2023-08-28T10:35:59","modified_gmt":"2023-08-28T08:35:59","slug":"qualitatsmanagement","status":"publish","type":"page","link":"https:\/\/menges.cake-health.com\/fr\/uber-medical-systems-fr\/qualitatsmanagement\/","title":{"rendered":"Gestion de la qualit\u00e9"},"content":{"rendered":"<div class=\"section-header no-bottom-padding\">\n    <div class=\"section-header-wrapper\">\n\t\t<div class=\"breadcrumb\">\n\t\t\t<ul><li><a href=\"https:\/\/menges.cake-health.com\/fr\/\">\u00c0 propos de Menges<\/a><\/li><li>Gestion de la qualit\u00e9<\/li><\/ul>\n\t\t<\/div>\n\t\t\t\t\t<h2 class=\"headline\">\n\t\t\t<span class=\"highlighten\">\n\t\t\t\t<span>\n\t\t\t\t\tGestion de la qualit\u00e9\n\t\t\t\t<\/span>\n\t\t\t<\/span>\n\t\t\t<\/h2>\n\t\t\t\t\t<\/div>\n<\/div>\n\n<div class=\"multifunctional-content \">\n    <div class=\"multifunctional-content-wrapper\">\n        <div class=\"multifunctional-content-item \">\n                            <img decoding=\"async\" class=\"topimage\" src=\"https:\/\/menges.cake-health.com\/wp-content\/uploads\/2020\/11\/Generationen_Wiese2-sw.jpg\" alt=\"\">\n                        <div class=\"content-wrapper topimage\">\n                                    <h2 class=\"headline\">\n                        Nous nous concentrons sur la planification, l&rsquo;installation et la maintenance de technologies m\u00e9dicales d&rsquo;avenir et la formation des personnels appel\u00e9s \u00e0 les utiliser.\n                    <\/h2>\n                                <div class=\"content-container \">\n                                            <div class=\"content\">\n                            <p>La qualit\u00e9 des services et des produits d&rsquo;abord<\/p>\n<p>Notre entreprise a la r\u00e9putation de fournir d\u2019excellents services et des produits s\u00fbrs et de grande qualit\u00e9. Pour maintenir cette r\u00e9putation, nous nous conformons aux normes de qualit\u00e9 et de s\u00e9curit\u00e9 les plus \u00e9lev\u00e9es.<\/p>\n<p>Cela inclut naturellement toutes les lois et prescriptions actuellement en vigueur ainsi que les proc\u00e9dures internes d&rsquo;assurance qualit\u00e9 qui garantissent en permanence l\u2019utilisation s\u00fbre de nos produits m\u00e9dicaux.<\/p>\n<p>Nous sommes \u00e9galement tr\u00e8s exigeants envers nos fournisseurs pour garantir la meilleure qualit\u00e9 des produits et services fournis.<\/p>\n\n                        <\/div>\n                                                        <\/div>\n            <\/div>\n                    <\/div>\n    <\/div>\n<\/div>\n\n<div class=\"multifunctional-content \">\n    <div class=\"multifunctional-content-wrapper\">\n        <div class=\"multifunctional-content-item \">\n                        <div class=\"content-wrapper \">\n                                    <h2 class=\"headline\">\n                        Responsabilit\u00e9\n                    <\/h2>\n                                <div class=\"content-container \">\n                                            <div class=\"content\">\n                            <p>Un comportement correct dans les rapports commerciaux a toujours \u00e9t\u00e9 une pierre angulaire de notre culture d&rsquo;entreprise.<\/p>\n<p>Il est fondamental pour notre succ\u00e8s \u00e0 long terme que nous nous conformions aux normes d\u00e9ontologiques les plus \u00e9lev\u00e9es dans tout ce que nous faisons, toujours et partout.<\/p>\n<p>Notre code d\u00e9ontologique fournit des lignes directrices essentielles concernant les rapports les clients, les partenaires commerciaux et entre ces derniers. Ce code est bas\u00e9 sur ICARE, nos valeurs communes qui guident toutes nos d\u00e9cisions et nos actions.<\/p>\n<p><span class=\"sanova-link-blue\"><a href=\"https:\/\/menges.cake-health.com\/wp-content\/uploads\/2023\/06\/Code-of-Conduct-of-Herba-Group_Published-April-2022.pdf\" target=\"_blank\" rel=\"noopener\">Code d\u00e9ontologique du groupe Herba | 35 pages | 4,7 MB<\/a><\/span><\/p>\n<p>Dans les situations o\u00f9 les partenaires commerciaux ne souhaitent pas s&rsquo;adresser \u00e0 leur interlocuteur habituel du groupe Herba en cas de difficult\u00e9s ou de probl\u00e8mes, il existe une alternative: contacter la Compliance Helpline\/le service de m\u00e9diation externe.<\/p>\n<p><span class=\"sanova-link-blue\"><a href=\"https:\/\/menges.cake-health.com\/wp-content\/uploads\/2023\/08\/Compliance-Ombudsman-EN.pdf\" target=\"_blank\" rel=\"noopener\">Ligne d&rsquo;assistance t\u00e9l\u00e9phonique\/Ombudsman en mati\u00e8re de conformit\u00e9 | 2 pages | 1,0 MB<\/a><\/span><\/p>\n<p>&nbsp;<\/p>\n\n                        <\/div>\n                                                        <\/div>\n            <\/div>\n                    <\/div>\n    <\/div>\n<\/div>","protected":false},"excerpt":{"rendered":"","protected":false},"author":1,"featured_media":0,"parent":9955,"menu_order":64,"comment_status":"closed","ping_status":"closed","template":"","meta":{"_acf_changed":false,"footnotes":""},"class_list":["post-10179","page","type-page","status-publish","hentry"],"acf":[],"_links":{"self":[{"href":"https:\/\/menges.cake-health.com\/fr\/wp-json\/wp\/v2\/pages\/10179","targetHints":{"allow":["GET"]}}],"collection":[{"href":"https:\/\/menges.cake-health.com\/fr\/wp-json\/wp\/v2\/pages"}],"about":[{"href":"https:\/\/menges.cake-health.com\/fr\/wp-json\/wp\/v2\/types\/page"}],"author":[{"embeddable":true,"href":"https:\/\/menges.cake-health.com\/fr\/wp-json\/wp\/v2\/users\/1"}],"replies":[{"embeddable":true,"href":"https:\/\/menges.cake-health.com\/fr\/wp-json\/wp\/v2\/comments?post=10179"}],"version-history":[{"count":18,"href":"https:\/\/menges.cake-health.com\/fr\/wp-json\/wp\/v2\/pages\/10179\/revisions"}],"predecessor-version":[{"id":12719,"href":"https:\/\/menges.cake-health.com\/fr\/wp-json\/wp\/v2\/pages\/10179\/revisions\/12719"}],"up":[{"embeddable":true,"href":"https:\/\/menges.cake-health.com\/fr\/wp-json\/wp\/v2\/pages\/9955"}],"wp:attachment":[{"href":"https:\/\/menges.cake-health.com\/fr\/wp-json\/wp\/v2\/media?parent=10179"}],"curies":[{"name":"wp","href":"https:\/\/api.w.org\/{rel}","templated":true}]}}