{"id":10181,"date":"2020-11-23T11:03:54","date_gmt":"2020-11-23T10:03:54","guid":{"rendered":"https:\/\/menges.cake-health.com\/?page_id=10181"},"modified":"2025-05-16T10:35:37","modified_gmt":"2025-05-16T08:35:37","slug":"meilensteine","status":"publish","type":"page","link":"https:\/\/menges.cake-health.com\/fr\/uber-medical-systems-fr\/meilensteine\/","title":{"rendered":"\u00c9tapes principales"},"content":{"rendered":"<div class=\"section-header \">\n    <div class=\"section-header-wrapper\">\n\t\t<div class=\"breadcrumb\">\n\t\t\t<ul><li><a href=\"https:\/\/menges.cake-health.com\/fr\/\">\u00c0 propos de Menges<\/a><\/li><li>\u00c9tapes principales<\/li><\/ul>\n\t\t<\/div>\n\t\t\t\t\t<h2 class=\"headline\">\n\t\t\t<span class=\"highlighten\">\n\t\t\t\t<span>\n\t\t\t\t\t\u00c9tapes principales\n\t\t\t\t<\/span>\n\t\t\t<\/span>\n\t\t\t<\/h2>\n\t\t\t\t\t\t\t<div class=\"intro-content\">\n\t\t\t\t<p>Menges Medizintechnik est \u00e0 l&rsquo;origine une soci\u00e9t\u00e9 autrichienne op\u00e9rant dans le domaine des dispositifs m\u00e9dicaux. La premi\u00e8re pierre a \u00e9t\u00e9 pos\u00e9e en 1991 avec la cr\u00e9ation d&rsquo;une entreprise individuelle par l&rsquo;actuel directeur g\u00e9n\u00e9ral, Manfred Menges.<\/p>\n\n\t\t\t<\/div>\n\t\t\t<\/div>\n<\/div>\n\n<div class=\"multifunctional-content \">\n    <div class=\"multifunctional-content-wrapper\">\n        <div class=\"multifunctional-content-item \">\n                        <div class=\"content-wrapper \">\n                                    <h2 class=\"headline\">\n                        2014\n                    <\/h2>\n                                <div class=\"content-container \">\n                                            <div class=\"content\">\n                            <p>Constitution de Menges Medizintechnik Schweiz AG.<\/p>\n\n                        <\/div>\n                                                        <\/div>\n            <\/div>\n                    <\/div>\n    <\/div>\n<\/div>\n\n<div class=\"multifunctional-content \">\n    <div class=\"multifunctional-content-wrapper\">\n        <div class=\"multifunctional-content-item \">\n                        <div class=\"content-wrapper \">\n                                    <h2 class=\"headline\">\n                        2018\n                    <\/h2>\n                                <div class=\"content-container \">\n                                            <div class=\"content\">\n                            <p>Rachat de Menges Medizintechnik par Sanova Pharma GesmbH. La voie de la croissance constante du portefeuille de produits est poursuivie et le r\u00e9seau de services est \u00e9largi.<\/p>\n\n                        <\/div>\n                                                        <\/div>\n            <\/div>\n                    <\/div>\n    <\/div>\n<\/div>\n\n<div class=\"multifunctional-content \">\n    <div class=\"multifunctional-content-wrapper\">\n        <div class=\"multifunctional-content-item \">\n                        <div class=\"content-wrapper \">\n                                    <h2 class=\"headline\">\n                        2019\n                    <\/h2>\n                                <div class=\"content-container \">\n                                            <div class=\"content\">\n                            <p>Ouverture du centre de services de Schlieren.<\/p>\n\n                        <\/div>\n                                                        <\/div>\n            <\/div>\n                    <\/div>\n    <\/div>\n<\/div>\n\n<div class=\"multifunctional-content \">\n    <div class=\"multifunctional-content-wrapper\">\n        <div class=\"multifunctional-content-item \">\n                        <div class=\"content-wrapper \">\n                                    <h2 class=\"headline\">\n                        Aujourd&rsquo;hui\n                    <\/h2>\n                                <div class=\"content-container \">\n                                            <div class=\"content\">\n                            <p>Menges Medizintechnik est un fournisseur d&rsquo;\u00e9quipements radiologiques ainsi que de technologies m\u00e9dicales innovantes dans divers domaines.<\/p>\n<p>&nbsp;<\/p>\n\n                        <\/div>\n                                                        <\/div>\n            <\/div>\n                    <\/div>\n    <\/div>\n<\/div>","protected":false},"excerpt":{"rendered":"","protected":false},"author":1,"featured_media":0,"parent":9955,"menu_order":66,"comment_status":"closed","ping_status":"closed","template":"","meta":{"_acf_changed":false,"footnotes":""},"class_list":["post-10181","page","type-page","status-publish","hentry"],"acf":[],"_links":{"self":[{"href":"https:\/\/menges.cake-health.com\/fr\/wp-json\/wp\/v2\/pages\/10181","targetHints":{"allow":["GET"]}}],"collection":[{"href":"https:\/\/menges.cake-health.com\/fr\/wp-json\/wp\/v2\/pages"}],"about":[{"href":"https:\/\/menges.cake-health.com\/fr\/wp-json\/wp\/v2\/types\/page"}],"author":[{"embeddable":true,"href":"https:\/\/menges.cake-health.com\/fr\/wp-json\/wp\/v2\/users\/1"}],"replies":[{"embeddable":true,"href":"https:\/\/menges.cake-health.com\/fr\/wp-json\/wp\/v2\/comments?post=10181"}],"version-history":[{"count":6,"href":"https:\/\/menges.cake-health.com\/fr\/wp-json\/wp\/v2\/pages\/10181\/revisions"}],"predecessor-version":[{"id":14660,"href":"https:\/\/menges.cake-health.com\/fr\/wp-json\/wp\/v2\/pages\/10181\/revisions\/14660"}],"up":[{"embeddable":true,"href":"https:\/\/menges.cake-health.com\/fr\/wp-json\/wp\/v2\/pages\/9955"}],"wp:attachment":[{"href":"https:\/\/menges.cake-health.com\/fr\/wp-json\/wp\/v2\/media?parent=10181"}],"curies":[{"name":"wp","href":"https:\/\/api.w.org\/{rel}","templated":true}]}}