{"id":10687,"date":"2020-12-12T13:42:40","date_gmt":"2020-12-12T12:42:40","guid":{"rendered":"https:\/\/menges.cake-health.com\/?page_id=10687"},"modified":"2024-09-12T13:33:50","modified_gmt":"2024-09-12T11:33:50","slug":"strahlen","status":"publish","type":"page","link":"https:\/\/menges.cake-health.com\/fr\/uber-medical-systems-fr\/strahlen\/","title":{"rendered":"Services de radioprotection"},"content":{"rendered":"<div class=\"section-header \">\n    <div class=\"section-header-wrapper\">\n\t\t<div class=\"breadcrumb\">\n\t\t\t<ul><li><a href=\"https:\/\/menges.cake-health.com\/fr\/\">\u00c0 propos de Menges<\/a><\/li><li>Services de radioprotection<\/li><\/ul>\n\t\t<\/div>\n\t\t\t\t\t<h2 class=\"headline\">\n\t\t\t<span class=\"highlighten\">\n\t\t\t\t<span>\n\t\t\t\t\tServices de radioprotection\n\t\t\t\t<\/span>\n\t\t\t<\/span>\n\t\t\t<\/h2>\n\t\t\t\t\t<\/div>\n<\/div>\n\n<div class=\"multifunctional-content fullwidth\">\n    <div class=\"multifunctional-content-wrapper\">\n        <div class=\"multifunctional-content-item \">\n                            <img decoding=\"async\" class=\"topimage\" src=\"https:\/\/menges.cake-health.com\/wp-content\/uploads\/2024\/09\/Dienstleistungen_2024.jpg\" alt=\"\">\n                        <div class=\"content-wrapper topimage\">\n                                <div class=\"content-container \">\n                                            <div class=\"content\">\n                            <p><strong>Menges Medizintechnik<\/strong> offre des services de radioprotection ind\u00e9pendants des fabricants pour les h\u00f4pitaux, les radiologues et les m\u00e9decins en cabinet priv\u00e9.<\/p>\n<ul>\n<li>Planification de de nouvelles installations, de conversions ou de remplacement d\u2019\u00e9quipements radiologiques.<\/li>\n<li>Tests d&rsquo;acceptation et d&rsquo;acceptation partielle, tests de constance<\/li>\n<li>D\u00e9pistage par mammographie<\/li>\n<li>Assistance en mati\u00e8re d&rsquo;exigences l\u00e9gales et de prescriptions officielles<\/li>\n<li>Formation pratique \u00e0 la radioprotection<\/li>\n<li>D\u00e9montage et \u00e9limination des \u00e9quipements radiologiques<\/li>\n<\/ul>\n\n                        <\/div>\n                                                        <\/div>\n            <\/div>\n                    <\/div>\n    <\/div>\n<\/div>\n\n<div class=\"multifunctional-content \">\n    <div class=\"multifunctional-content-wrapper\">\n        <div class=\"multifunctional-content-item \">\n                            <img decoding=\"async\" class=\"topimage\" src=\"https:\/\/menges.cake-health.com\/wp-content\/uploads\/2020\/12\/Messmittel_e-scaled.jpg\" alt=\"\">\n                        <div class=\"content-wrapper topimage\">\n                                    <h2 class=\"headline\">\n                        Planification, conseil et assistance\n                    <\/h2>\n                                <div class=\"content-container \">\n                                            <div class=\"content\">\n                            <div class=\"content-container \">\n<div class=\"content\">\n<p>Nous nous faisons un plaisir de vous aider dans l&rsquo;organisation et la gestion de nouvelles installations et nous r\u00e9alisons pour vous des conversions ou le remplacement d\u2019\u00e9quipements radiologiques.<\/p>\n<p>Nous prenons en charge pour vous<\/p>\n<ul>\n<li>La gestion de projets dans le domaine de la loi sur la radioprotection et des h\u00f4pitaux<\/li>\n<li>La planification des co\u00fbts, l\u2019optimisation pr\u00e9alable de la radioprotection<\/li>\n<li>La coordination des expertises (expertise de calcul et mesure de radioprotection)<\/li>\n<li>La fourniture de mat\u00e9riaux en plomb (feuilles de plomb, fen\u00eatres de protection, portes, rideaux)<\/li>\n<li>L\u2019assistance pour les demandes officielles (permis de construire et d&rsquo;exploitation)<\/li>\n<li>L\u2019assistance lors des inspections officielles<\/li>\n<li>La pr\u00e9sence aux n\u00e9gociations sur place<\/li>\n<\/ul>\n<\/div>\n<\/div>\n\n                        <\/div>\n                                                        <\/div>\n            <\/div>\n                    <\/div>\n    <\/div>\n<\/div>\n\n<div class=\"multifunctional-content \">\n    <div class=\"multifunctional-content-wrapper\">\n        <div class=\"multifunctional-content-item \">\n                            <img decoding=\"async\" class=\"topimage\" src=\"https:\/\/menges.cake-health.com\/wp-content\/uploads\/2020\/12\/Messmittel_b-scaled.jpg\" alt=\"\">\n                        <div class=\"content-wrapper topimage\">\n                                    <h2 class=\"headline\">\n                        Tests d\u2019acceptation\n                    <\/h2>\n                                <div class=\"content-container \">\n                                            <div class=\"content\">\n                            <div class=\"content-container \">\n<div class=\"content\">\n<p>Nous effectuons des tests d&rsquo;acceptation et d&rsquo;acceptation partielle pour les \u00e9quipements radiologiques m\u00e9dicaux et nous collaborons avec de nombreux fabricants et fournisseurs. Nous nous tenons \u00e0 votre disposition pour vous conseiller et vous accompagner dans vos d\u00e9marches.<\/p>\n<ul>\n<li>Tests d&rsquo;acceptation d\u2019\u00e9quipements radiologiques m\u00e9dicaux<\/li>\n<li>Tests d&rsquo;acceptation sur les dispositifs d&rsquo;affichage d&rsquo;images (moniteurs)<\/li>\n<li>Tests d&rsquo;acceptation des d\u00e9tecteurs et des lecteurs de plaques d&rsquo;imagerie<\/li>\n<\/ul>\n<p>&nbsp;<\/p>\n<h4>Tests de constance<\/h4>\n<p>Les tests de constance garantissent le maintien de la qualit\u00e9 des \u00e9quipements radiologiques et des dispositifs p\u00e9riph\u00e9riques et sont effectu\u00e9s par nos soins conform\u00e9ment aux normes applicables et selon les fr\u00e9quences autoris\u00e9es.<\/p>\n<ul>\n<li>Ex\u00e9cution \u00e0 prix fixe sans co\u00fbts cach\u00e9s<\/li>\n<li>Rendez-vous avec prise en compte des activit\u00e9s avec les patients<\/li>\n<li>Respect des fr\u00e9quences de test conform\u00e9ment aux normes applicables<\/li>\n<li>Nous mettons \u00e0 disposition un \u00e9quipement de test calibr\u00e9 pour le test de constance.<\/li>\n<li>Formation des utilisateurs en vue de l\u2019ex\u00e9cution ind\u00e9pendante<\/li>\n<\/ul>\n<\/div>\n<\/div>\n\n                        <\/div>\n                                                        <\/div>\n            <\/div>\n                    <\/div>\n    <\/div>\n<\/div>","protected":false},"excerpt":{"rendered":"","protected":false},"author":6,"featured_media":0,"parent":9955,"menu_order":16,"comment_status":"closed","ping_status":"closed","template":"","meta":{"_acf_changed":false,"footnotes":""},"class_list":["post-10687","page","type-page","status-publish","hentry"],"acf":[],"_links":{"self":[{"href":"https:\/\/menges.cake-health.com\/fr\/wp-json\/wp\/v2\/pages\/10687","targetHints":{"allow":["GET"]}}],"collection":[{"href":"https:\/\/menges.cake-health.com\/fr\/wp-json\/wp\/v2\/pages"}],"about":[{"href":"https:\/\/menges.cake-health.com\/fr\/wp-json\/wp\/v2\/types\/page"}],"author":[{"embeddable":true,"href":"https:\/\/menges.cake-health.com\/fr\/wp-json\/wp\/v2\/users\/6"}],"replies":[{"embeddable":true,"href":"https:\/\/menges.cake-health.com\/fr\/wp-json\/wp\/v2\/comments?post=10687"}],"version-history":[{"count":11,"href":"https:\/\/menges.cake-health.com\/fr\/wp-json\/wp\/v2\/pages\/10687\/revisions"}],"predecessor-version":[{"id":13745,"href":"https:\/\/menges.cake-health.com\/fr\/wp-json\/wp\/v2\/pages\/10687\/revisions\/13745"}],"up":[{"embeddable":true,"href":"https:\/\/menges.cake-health.com\/fr\/wp-json\/wp\/v2\/pages\/9955"}],"wp:attachment":[{"href":"https:\/\/menges.cake-health.com\/fr\/wp-json\/wp\/v2\/media?parent=10687"}],"curies":[{"name":"wp","href":"https:\/\/api.w.org\/{rel}","templated":true}]}}