{"id":13792,"date":"2024-09-17T14:34:58","date_gmt":"2024-09-17T12:34:58","guid":{"rendered":"https:\/\/menges.cake-health.com\/?page_id=13792"},"modified":"2025-09-11T10:52:13","modified_gmt":"2025-09-11T08:52:13","slug":"transparence","status":"publish","type":"page","link":"https:\/\/menges.cake-health.com\/fr\/uber-medical-systems-fr\/transparence\/","title":{"rendered":"Transparence"},"content":{"rendered":"<div class=\"section-header \">\n    <div class=\"section-header-wrapper\">\n\t\t<div class=\"breadcrumb\">\n\t\t\t<ul><li><a href=\"https:\/\/menges.cake-health.com\/fr\/\">\u00c0 propos de Menges<\/a><\/li><li>Transparence<\/li><\/ul>\n\t\t<\/div>\n\t\t\t\t\t<h2 class=\"headline\">\n\t\t\t<span class=\"highlighten\">\n\t\t\t\t<span>\n\t\t\t\t\tTransparence\n\t\t\t\t<\/span>\n\t\t\t<\/span>\n\t\t\t<\/h2>\n\t\t\t\t\t<\/div>\n<\/div>\n\n<div class=\"multifunctional-content \">\n    <div class=\"multifunctional-content-wrapper\">\n        <div class=\"multifunctional-content-item \">\n                            <img decoding=\"async\" class=\"topimage\" src=\"https:\/\/menges.cake-health.com\/wp-content\/uploads\/2024\/08\/MANGHW.jpg\" alt=\"\">\n                        <div class=\"content-wrapper topimage\">\n                                    <h2 class=\"headline\">\n                        Publication des allocations de formation\n                    <\/h2>\n                                <div class=\"content-container \">\n                                            <div class=\"content\">\n                            <p>Avec des produits m\u00e9dicaux innovants, fiables et utilisables en toute s\u00e9curit\u00e9 ainsi que des prestations de service professionnelles, Menges Medizintechnik souhaite contribuer de mani\u00e8re d\u00e9terminante \u00e0 la sant\u00e9 et au bien-\u00eatre des patients.<\/p>\n<p>La collaboration et l&rsquo;\u00e9change de connaissances avec les professionnels et les institutions m\u00e9dicales sont essentiels pour atteindre cet objectif. Nous aidons nos partenaires m\u00e9dicaux \u00e0 \u00e9largir et \u00e0 consolider leurs connaissances et leurs comp\u00e9tences par des formations, des entra\u00eenements et d&rsquo;autres mesures de perfectionnement et de formation continue appropri\u00e9es.<\/p>\n\n                        <\/div>\n                                                        <\/div>\n            <\/div>\n                    <\/div>\n    <\/div>\n<\/div>\n\n<div class=\"central-content white\">\n    <div class=\"central-content-wrapper\">\n                \n                    <div class=\"content\">\n                <p>En tant que membre de Swiss MedTech, Menges Medizintechnik soutient la publication des allocations de formation comme le pr\u00e9voit sa directive sur la transparence.<\/p>\n<p><span class=\"sanova-link-blue\"><a href=\"https:\/\/menges.cake-health.com\/wp-content\/uploads\/2025\/09\/Menges-Schweiz-Transparenzrichtlinien-Anhang-I-2024.pdf\" rel=\"noopener\">Allocations de formation 2024<\/a><\/span><\/p>\n\n            <\/div>\n            <\/div>\n<\/div>","protected":false},"excerpt":{"rendered":"","protected":false},"author":3,"featured_media":0,"parent":9955,"menu_order":13,"comment_status":"closed","ping_status":"closed","template":"","meta":{"_acf_changed":false,"footnotes":""},"class_list":["post-13792","page","type-page","status-publish","hentry"],"acf":[],"_links":{"self":[{"href":"https:\/\/menges.cake-health.com\/fr\/wp-json\/wp\/v2\/pages\/13792","targetHints":{"allow":["GET"]}}],"collection":[{"href":"https:\/\/menges.cake-health.com\/fr\/wp-json\/wp\/v2\/pages"}],"about":[{"href":"https:\/\/menges.cake-health.com\/fr\/wp-json\/wp\/v2\/types\/page"}],"author":[{"embeddable":true,"href":"https:\/\/menges.cake-health.com\/fr\/wp-json\/wp\/v2\/users\/3"}],"replies":[{"embeddable":true,"href":"https:\/\/menges.cake-health.com\/fr\/wp-json\/wp\/v2\/comments?post=13792"}],"version-history":[{"count":3,"href":"https:\/\/menges.cake-health.com\/fr\/wp-json\/wp\/v2\/pages\/13792\/revisions"}],"predecessor-version":[{"id":14971,"href":"https:\/\/menges.cake-health.com\/fr\/wp-json\/wp\/v2\/pages\/13792\/revisions\/14971"}],"up":[{"embeddable":true,"href":"https:\/\/menges.cake-health.com\/fr\/wp-json\/wp\/v2\/pages\/9955"}],"wp:attachment":[{"href":"https:\/\/menges.cake-health.com\/fr\/wp-json\/wp\/v2\/media?parent=13792"}],"curies":[{"name":"wp","href":"https:\/\/api.w.org\/{rel}","templated":true}]}}