{"id":14120,"date":"2024-10-17T11:48:26","date_gmt":"2024-10-17T09:48:26","guid":{"rendered":"https:\/\/menges.cake-health.com\/uber-medical-systems-fr\/solutions-financieres\/"},"modified":"2024-10-17T12:26:03","modified_gmt":"2024-10-17T10:26:03","slug":"solutions-financieres","status":"publish","type":"page","link":"https:\/\/menges.cake-health.com\/fr\/uber-medical-systems-fr\/solutions-financieres\/","title":{"rendered":"Solutions de financement"},"content":{"rendered":"<div class=\"section-header \">\n    <div class=\"section-header-wrapper\">\n\t\t<div class=\"breadcrumb\">\n\t\t\t<ul><li><a href=\"https:\/\/menges.cake-health.com\/fr\/\">\u00c0 propos de Menges<\/a><\/li><li>Solutions de financement<\/li><\/ul>\n\t\t<\/div>\n\t\t\t\t\t<h2 class=\"headline\">\n\t\t\t<span class=\"highlighten\">\n\t\t\t\t<span>\n\t\t\t\t\tSolutions de financement\n\t\t\t\t<\/span>\n\t\t\t<\/span>\n\t\t\t<\/h2>\n\t\t\t\t\t<\/div>\n<\/div>\n\n<div class=\"multifunctional-content \">\n    <div class=\"multifunctional-content-wrapper\">\n        <div class=\"multifunctional-content-item \">\n                            <img decoding=\"async\" class=\"topimage\" src=\"https:\/\/menges.cake-health.com\/wp-content\/uploads\/2024\/10\/DN6A9234-scaled.jpg\" alt=\"\">\n                        <div class=\"content-wrapper topimage\">\n                                <div class=\"content-container \">\n                                            <div class=\"content\">\n                            <p>Avec le nouveau mod\u00e8le <strong>\u00abPay Per Use\u00bb<\/strong> pour <strong>l&rsquo;injecteur ulrich CTmotion\u2122<\/strong> et <strong>Max3\u2122<\/strong>, nous proposons \u00e0 nos clients une solution transparente en termes de co\u00fbts et flexible pour<strong> l&rsquo;achat d&rsquo;injecteurs de produits de contraste.<\/strong><\/p>\n<p>Nous permettons ainsi une facturation par examen, directement adapt\u00e9e aux besoins individuels et au d\u00e9bit de patients des \u00e9tablissements.<\/p>\n\n                        <\/div>\n                                                        <\/div>\n            <\/div>\n                    <\/div>\n    <\/div>\n<\/div>\n\n<div class=\"central-content white\">\n    <div class=\"central-content-wrapper\">\n                    <h class=\"headline\">\n                Pay Per Use Concept &#8211; Pourquoi?\n            <\/h>\n                \n                    <div class=\"content\">\n                <p><strong>Syst\u00e8me tarifaire TARDOC<\/strong><\/p>\n<p>Le march\u00e9 suisse de la sant\u00e9 est en pleine mutation \u00e9conomique &#8211; le nouveau syst\u00e8me tarifaire TARDOC doit \u00eatre introduit en janvier 2026 et entra\u00eenera une pression suppl\u00e9mentaire sur les co\u00fbts.<\/p>\n<p><strong>Pression sur les co\u00fbts<\/strong><\/p>\n<p>De nombreux instituts de diagnostic sont d\u00e9j\u00e0 soumis \u00e0 une pression sur les co\u00fbts, notamment en raison du rench\u00e9rissement ou de l&rsquo;inflation.<\/p>\n<p><strong>Transparence des co\u00fbts<\/strong><\/p>\n<p>Il y a tr\u00e8s souvent un manque de transparence en ce qui concerne les co\u00fbts totaux &#8211; appel\u00e9s \u00abtotal costs of use\u00bb (TCU) &#8211; des injecteurs de produits de contraste &#8211; les co\u00fbts d&rsquo;achat, des consommables et du service sont parfois complexes et il est difficile de garder une vue d&rsquo;ensemble.<\/p>\n<p><strong>Incertitude<\/strong><\/p>\n<p>En tant que distributeur d&rsquo;injecteurs \u00e0 pompe \u00e0 galets, nous sommes parfois confront\u00e9s \u00e0 un grand scepticisme de la part des utilisateurs en ce qui concerne le concept technique \u00abun peu diff\u00e9rent\u00bb de l&rsquo;injection de CM au moyen d&rsquo;un injecteur \u00e0 pompe \u00e0 galets.<\/p>\n<p><strong>Des d\u00e9cisions m\u00fbrement r\u00e9fl\u00e9chies<\/strong><\/p>\n<p>Lors d&rsquo;un changement de fabricant d&rsquo;injecteurs, on a souvent peu ou bri\u00e8vement la possibilit\u00e9 de tester l&rsquo;appareil &#8211; mais que faire si l&rsquo;on n&rsquo;est pas satisfait du service ou de l&rsquo;appareil?<\/p>\n<p><strong>S\u00e9curit\u00e9 de l&rsquo;innovation<\/strong><\/p>\n<p>La sortie d&rsquo;un nouveau logiciel ou d&rsquo;un nouveau mat\u00e9riel apr\u00e8s des congr\u00e8s internationaux en surprend plus d&rsquo;un &#8211; mais que faire si l&rsquo;on est toujours \u00e0 la pointe du logiciel et que l&rsquo;on peut en plus prendre la d\u00e9cision d&rsquo;acheter un nouveau mat\u00e9riel apr\u00e8s 24 mois sans pression?<\/p>\n\n            <\/div>\n            <\/div>\n<\/div>\n\n<div class=\"content-links\">\n    <div class=\"content-links-wrapper\">\n                    <div class=\"sideimage\">\n                <img decoding=\"async\" src=\"https:\/\/menges.cake-health.com\/wp-content\/uploads\/2024\/10\/handschlag_v1-scaled.jpg\" alt=\"\">\n            <\/div>\n                <div class=\"content-wrapper\">\n            <div class=\"content imaged\">\n                <p><strong>Pay Per Use Concept &#8211; Voil\u00e0 pourquoi!<\/strong><\/p>\n<ul>\n<li>Nous vous proposons <strong>une structure de co\u00fbts de l&rsquo;injecteur calcul\u00e9e pour chaque examen<\/strong> &#8211; vous pouvez d\u00e9j\u00e0 anticiper les changements TARDOC.<\/li>\n<li>Vous pouvez <strong>comparer ces valeurs \u00e0 votre structure de co\u00fbts actuelle<\/strong> et les planifier \u00e0 l&rsquo;avance pour une p\u00e9riode de 24 mois.<\/li>\n<li>les <strong>co\u00fbts d&rsquo;utilisation vous sont factur\u00e9s mensuellement ou trimestriellement<\/strong> jusqu&rsquo;\u00e0 la fin du contrat de leasing apr\u00e8s 24 mois.<\/li>\n<li>Ancien logiciel &#8211; probl\u00e8mes lors des mises \u00e0 jour HW\/SW? Pas de probl\u00e8me &#8211; vous pouvez <strong>rendre l&rsquo;injecteur apr\u00e8s 24 mois et opter pour un nouvel appareil<\/strong> &#8211; vous \u00eates ainsi toujours \u00e0 la pointe du progr\u00e8s et disposez de l&rsquo;appareil le plus r\u00e9cent.<\/li>\n<\/ul>\n\n            <\/div>\n            <div class=\"links\">\n                            <\/div>\n        <\/div>\n    <\/div>\n<\/div>\n\n<div class=\"central-content white\">\n    <div class=\"central-content-wrapper\">\n                \n            <\/div>\n<\/div>\n\n<div class=\"central-content blue\">\n    <div class=\"central-content-wrapper\">\n                    <h class=\"headline\">\n                Pay Per Use Concept &#8211; Les Faits\n            <\/h>\n                \n                    <div class=\"content\">\n                <p><strong>Sur la base de votre mix de patients<\/strong> (nombre d&rsquo;examens KM par appareil et par an), nous calculons ensemble le prix par examen &#8211; le \u00abPay Per Use\u00bb.<\/p>\n<p>La <strong>dur\u00e9e du contrat de leasing est de 24 mois<\/strong> &#8211; la soci\u00e9t\u00e9 MDL &#8211; Medical Devices Lease SA est notre partenaire financier qui vous facture mensuellement ou trimestriellement le co\u00fbt de l&rsquo;injecteur.<\/p>\n<p>Le paquet comprend:<\/p>\n<ul>\n<li><strong>Injecteur<\/strong><\/li>\n<li><strong>24 mois de garantie, contrat de maintenance complet inclus<\/strong><br \/>\nCalculs bas\u00e9s sur 500 jours d&rsquo;utilisation ou 250 jours d&rsquo;utilisation par an.<\/li>\n<li><strong>Starter Kit<\/strong> &#8211; Kit de d\u00e9marrage pour<br \/>\nInjecteur Max3\u2122 MR:<br \/>\nEnviron 90 jours ou 400 examens (sur la base de 1&rsquo;250 examens KM\/an).<br \/>\nInjecteur CTmotion\u2122 CT:<br \/>\nenv. 100 jours ou 700 examens (sur la base de 1&rsquo;750 examens KM\/an)<\/li>\n<li><strong>Installation et formation<\/strong> par notre personnel technique et clinique sp\u00e9cialis\u00e9<\/li>\n<li><strong>Valeur r\u00e9siduelle transparente<\/strong> &#8211; \u00e0 la fin de la p\u00e9riode de validit\u00e9 apr\u00e8s 24 mois, vous pouvez acheter l&rsquo;injecteur pour une valeur r\u00e9siduelle et continuer \u00e0 l&rsquo;utiliser.<\/li>\n<li>ou <strong>retourner simplement l&rsquo;injecteur<\/strong> \u00e0 MDL ou \u00e0 nous-m\u00eames et opter pour un nouvel appareil ou un autre.<\/li>\n<li><strong>Si vous continuez \u00e0 utiliser l&rsquo;injecteur,<\/strong> si vous \u00eates satisfait de notre service et de l&rsquo;injecteur, vous pouvez acheter l&rsquo;injecteur \u00e0 la fin des 24 mois. Nous vous faisons alors l&rsquo;offre suivante:\n<ul>\n<li>contrat continu pour l&rsquo;approvisionnement en consommables<\/li>\n<li>contrat de maintenance compl\u00e8te jusqu&rsquo;\u00e0 8 ans maximum \u00e0 partir de la date d&rsquo;installation.<\/li>\n<\/ul>\n<\/li>\n<li>\u00a0Les conditions de financement peuvent varier &#8211; l&rsquo;offre officielle et valable de Menges Medical Schweiz AG fait foi.<\/li>\n<\/ul>\n<p>&nbsp;<\/p>\n\n            <\/div>\n            <\/div>\n<\/div>\n\n<div class=\"multifunctional-content \">\n    <div class=\"multifunctional-content-wrapper\">\n        <div class=\"multifunctional-content-item bottomimage\">\n                        <div class=\"content-wrapper \">\n                                    <h2 class=\"headline\">\n                        Pay Per Use Concept &#8211; La Chronologie\n                    <\/h2>\n                                <div class=\"content-container \">\n                                                        <\/div>\n            <\/div>\n                            <img decoding=\"async\" class=\"bottomimage\" src=\"https:\/\/menges.cake-health.com\/wp-content\/uploads\/2024\/10\/zeitachse-FR.png\" alt=\"\">\n                    <\/div>\n    <\/div>\n<\/div>\n\n<div class=\"central-content blue\">\n    <div class=\"central-content-wrapper\">\n                    <h class=\"headline\">\n                Pay Per Use\r\nFAQs &#8211; Questions et R\u00e9ponses\n            <\/h>\n                \n                    <div class=\"content\">\n                <p><strong>Qui est le partenaire de financement de l&rsquo;injecteur?<\/strong><\/p>\n<p>MDL &#8211; Medical Devices Lease SA est un partenaire financier exp\u00e9riment\u00e9 dans le domaine de la technique m\u00e9dicale. Tu trouveras de plus amples d\u00e9tails sur: <a href=\"https:\/\/www.mdlfinance.com\/fr\">https:\/\/www.mdlfinance.com\/fr<\/a><\/p>\n<p><strong>Quelle est la dur\u00e9e du contrat de financement?<\/strong><\/p>\n<p>La dur\u00e9e est de 24 mois, \u00e0 l&rsquo;issue desquels vous pouvez acheter l&rsquo;injecteur pour une valeur r\u00e9siduelle fix\u00e9e \u00e0 l&rsquo;avance et continuer \u00e0 l&rsquo;utiliser.<\/p>\n<p><strong>Qu&rsquo;est-ce qu&rsquo;un \u00abkit de d\u00e9marrage\u00bb?<\/strong><\/p>\n<p>Dans le contrat de leasing, les consommables (VBM) sont inclus pour une p\u00e9riode d\u00e9termin\u00e9e. Ceux-ci suffisent pour environ 90 jours et environ 400 examens (5 examens par jour) pour l&rsquo;injecteur MR Max3\u2122 ainsi que pour environ 100 jours ou 700 examens (7 examens\/jour) pour l&rsquo;injecteur CTmotion\u2122. Le nombre d&rsquo;unit\u00e9s de VBM est pr\u00e9d\u00e9fini et ne peut pas \u00eatre augment\u00e9 ou diminu\u00e9.<\/p>\n<p><strong>Puis-je recevoir le kit de d\u00e9marrage quelques semaines apr\u00e8s l&rsquo;installation ou \u00e0 un rythme mensuel?<\/strong><\/p>\n<p>Nous livrons le kit de d\u00e9marrage d\u00e8s le d\u00e9but de l&rsquo;installation de l&rsquo;appareil. Vous avez ainsi la garantie de pouvoir commencer \u00e0 travailler avec le patient imm\u00e9diatement apr\u00e8s l&rsquo;installation. Malheureusement, nous ne pouvons pas r\u00e9partir le kit de d\u00e9marrage sur plusieurs livraisons. Nous pouvons toutefois vous faire une offre pour le stockage payant.<\/p>\n<p><strong>Que se passe-t-il lorsque le kit de d\u00e9marrage est \u00e9puis\u00e9?<\/strong><\/p>\n<p>Une fois le kit de d\u00e9marrage \u00e9puis\u00e9, vous commandez les consommables via notre service client\u00e8le aux conditions convenues. Ceci jusqu&rsquo;\u00e0 la fin de la p\u00e9riode contractuelle.<\/p>\n<p><strong>Quel sera le prix des consommables apr\u00e8s l&rsquo;expiration du contrat de leasing (24 mois)?<\/strong><\/p>\n<p>Nous ne pouvons pas r\u00e9pondre \u00e0 cette question pour l&rsquo;instant. Nos collaborateurs vous soumettront volontiers une offre pour le VBM avant l&rsquo;expiration du contrat, ce qui vous garantira une transparence des co\u00fbts pour chaque examen.<\/p>\n<p><strong>Le co\u00fbt du \u00abPay Per Use\u00bb inclut-il les consommables apr\u00e8s utilisation du kit de d\u00e9marrage?<\/strong><\/p>\n<p>Oui, les co\u00fbts d&rsquo;environ 35CHF nets (Max3) et 24\/26 CHF nets (CTMotion BV\/DV) comprennent d\u00e9j\u00e0 les commandes payantes de consommables pour la p\u00e9riode suivant l&rsquo;utilisation du Starter Kit jusqu&rsquo;\u00e0 la fin de la dur\u00e9e du contrat de 24 mois.<\/p>\n<p><strong>Je suis int\u00e9ress\u00e9 par la poursuite du contrat de leasing, que dois-je faire?<\/strong><\/p>\n<p>D&rsquo;une part, vous pouvez acheter l&rsquo;injecteur pour un petit montant r\u00e9siduel (voir l&rsquo;offre) et continuer \u00e0 l&rsquo;utiliser.<\/p>\n<p>D&rsquo;autre part, vous pouvez conclure un nouveau contrat de leasing avec un nouvel injecteur aux prix alors en vigueur pour l&rsquo;appareil, les consommables et le financement.<\/p>\n<p>Il n&rsquo;est pas possible de prolonger le contrat de leasing sur une p\u00e9riode sup\u00e9rieure \u00e0 24 mois.<\/p>\n<p><strong>Puis-je obtenir une remise suppl\u00e9mentaire pour l&rsquo;appareil en concluant un contrat de leasing?<\/strong><\/p>\n<p>Avec notre offre, nous avons d\u00e9j\u00e0 mis en place un package tr\u00e8s attractif. Il n&rsquo;est pas possible d&rsquo;obtenir d&rsquo;autres rabais.<\/p>\n<p><strong>L&rsquo;appareil est d\u00e9fectueux, que dois-je faire?<\/strong><\/p>\n<p>Toutes les donn\u00e9es de contact sont indiqu\u00e9es sur notre injecteur. Veuillez vous adresser \u00e0 notre service client\u00e8le. Nous prendrons note de votre demande et remettrons l&rsquo;injecteur en \u00e9tat le plus rapidement possible. A titre transitoire, nous vous fournirons gratuitement un appareil de remplacement. Vous pouvez nous contacter \u00e0 l&rsquo;adresse suivante:<\/p>\n<p><a href=\"mailto:info@menges.cake-health.com\">info@menges.cake-health.com<\/a> et +41 71 544 47 21.<\/p>\n<p><strong>J&rsquo;ai un nouveau personnel pendant la dur\u00e9e du contrat et je souhaite le former sur l&rsquo;injecteur. Puis-je obtenir une formation suppl\u00e9mentaire?<\/strong><\/p>\n<p>Nous vous proposons, dans le cadre du contrat de maintenance compl\u00e8te (inclus dans le prix du pack), de b\u00e9n\u00e9ficier une fois au cours de la deuxi\u00e8me ann\u00e9e d&rsquo;une formation suppl\u00e9mentaire de 5 heures.<\/p>\n<p><strong>Quelles sont les prestations de service incluses dans le contrat de maintenance complet ou dans les 24 mois de garantie?<\/strong><\/p>\n<p>Pour plus de d\u00e9tails, veuillez consulter notre brochure de services.<\/p>\n<p><strong>Je veux d\u00e9cider de rendre l&rsquo;injecteur avant la fin du contrat de leasing, que dois-je faire?<\/strong><\/p>\n<p>Le contrat de leasing pr\u00e9voit une utilisation de 24 mois.<\/p>\n<p>Si vous n&rsquo;\u00eates pas satisfait de nos prestations ou de l&rsquo;appareil, nous vous demandons de nous contacter pour conna\u00eetre les raisons de votre insatisfaction.<\/p>\n<p>En cas de probl\u00e8me avec l&rsquo;appareil, il est important que vous nous en informiez officiellement par le biais de nos possibilit\u00e9s de contact, que ce soit par e-mail ou par t\u00e9l\u00e9phone.<\/p>\n<p>Ensuite, nous d\u00e9ciderons ensemble, avec vous et MDL Medical Devices Lease, de la mani\u00e8re dont nous pouvons r\u00e9tablir la satisfaction avec notre solution.<\/p>\n<p>Lien vers <a href=\"https:\/\/menges.cake-health.com\/wp-content\/uploads\/2024\/10\/CG_FR.pdf\">les conditions g\u00e9n\u00e9rales de vente<\/a>.<\/p>\n\n            <\/div>\n            <\/div>\n<\/div>\n\n<div class=\"multifunctional-content \">\n    <div class=\"multifunctional-content-wrapper\">\n        <div class=\"multifunctional-content-item \">\n                        <div class=\"content-wrapper \">\n                                    <h2 class=\"headline\">\n                        Nous nous r\u00e9jouissons de vous compter bient\u00f4t parmi nos clients!\n                    <\/h2>\n                                <div class=\"content-container \">\n                                            <div class=\"content\">\n                            <p><i class=\"fas fa-phone\"><\/i>\u00a0<a href=\"tel:+41 71 544 47 21\">+41 71 544 47 21<\/a><br \/>\n<i class=\"fas fa-envelope\"><\/i>\u00a0<a href=\"mailto:info@menges.cake-health.com\" target=\"_blank\" rel=\"noopener\">info@menges.cake-health.com<\/a><\/p>\n<p>Lundi &#8211; Jeudi de 7:00 \u00e0 16:00<br \/>\nVendredi de 8:00 \u00e0 12:30<\/p>\n<p>N&rsquo;h\u00e9sitez pas \u00e0 contacter directement nos <a href=\"https:\/\/menges.cake-health.com\/fr\/medical-systems-team\/\">responsables r\u00e9gionaux<\/a>.<\/p>\n\n                        <\/div>\n                                                        <\/div>\n            <\/div>\n                    <\/div>\n    <\/div>\n<\/div>","protected":false},"excerpt":{"rendered":"","protected":false},"author":3,"featured_media":0,"parent":9955,"menu_order":8,"comment_status":"closed","ping_status":"closed","template":"","meta":{"_acf_changed":false,"footnotes":""},"class_list":["post-14120","page","type-page","status-publish","hentry"],"acf":[],"_links":{"self":[{"href":"https:\/\/menges.cake-health.com\/fr\/wp-json\/wp\/v2\/pages\/14120","targetHints":{"allow":["GET"]}}],"collection":[{"href":"https:\/\/menges.cake-health.com\/fr\/wp-json\/wp\/v2\/pages"}],"about":[{"href":"https:\/\/menges.cake-health.com\/fr\/wp-json\/wp\/v2\/types\/page"}],"author":[{"embeddable":true,"href":"https:\/\/menges.cake-health.com\/fr\/wp-json\/wp\/v2\/users\/3"}],"replies":[{"embeddable":true,"href":"https:\/\/menges.cake-health.com\/fr\/wp-json\/wp\/v2\/comments?post=14120"}],"version-history":[{"count":6,"href":"https:\/\/menges.cake-health.com\/fr\/wp-json\/wp\/v2\/pages\/14120\/revisions"}],"predecessor-version":[{"id":14141,"href":"https:\/\/menges.cake-health.com\/fr\/wp-json\/wp\/v2\/pages\/14120\/revisions\/14141"}],"up":[{"embeddable":true,"href":"https:\/\/menges.cake-health.com\/fr\/wp-json\/wp\/v2\/pages\/9955"}],"wp:attachment":[{"href":"https:\/\/menges.cake-health.com\/fr\/wp-json\/wp\/v2\/media?parent=14120"}],"curies":[{"name":"wp","href":"https:\/\/api.w.org\/{rel}","templated":true}]}}