{"id":14165,"date":"2024-10-23T14:59:07","date_gmt":"2024-10-23T12:59:07","guid":{"rendered":"https:\/\/menges.cake-health.com\/?page_id=14165"},"modified":"2025-09-09T12:46:11","modified_gmt":"2025-09-09T10:46:11","slug":"paquets-de-services","status":"publish","type":"page","link":"https:\/\/menges.cake-health.com\/fr\/uber-medical-systems-fr\/paquets-de-services\/","title":{"rendered":"Paquets de services"},"content":{"rendered":"<div class=\"section-header \">\n    <div class=\"section-header-wrapper\">\n\t\t<div class=\"breadcrumb\">\n\t\t\t<ul><li><a href=\"https:\/\/menges.cake-health.com\/fr\/\">\u00c0 propos de Menges<\/a><\/li><li>Paquets de services<\/li><\/ul>\n\t\t<\/div>\n\t\t\t\t\t<h2 class=\"headline\">\n\t\t\t<span class=\"highlighten\">\n\t\t\t\t<span>\n\t\t\t\t\tPaquets de services\n\t\t\t\t<\/span>\n\t\t\t<\/span>\n\t\t\t<\/h2>\n\t\t\t\t\t<\/div>\n<\/div>\n\n<div class=\"topsection\">\n    <div class=\"topsection-wrapper \" style=\"background-image: url('https:\/\/menges.cake-health.com\/wp-content\/uploads\/2024\/09\/Gernerationen_servicepakete-scaled.jpg')\">\n\n        \n            <\/div>\n<\/div>\n\n<div class=\"central-content white\">\n    <div class=\"central-content-wrapper\">\n                \n                    <div class=\"content\">\n                <p>Avec chaque appareil de <strong>Menges Medizintechnik<\/strong>, vous <strong>acqu\u00e9rez technologie et qualit\u00e9<\/strong>.<br \/>\nMais des \u00e9quipements de haute qualit\u00e9 doivent \u00eatre entretenus et notamment en ce qui concerne la s\u00e9curit\u00e9 et le maintien de votre investissements.<br \/>\nAvec un <strong>pack de services de Menges Medizintechnik<\/strong>, vous pouvez \u00eatre s\u00fbr de pouvoir compter sur une assi tance technique experte tout en ma\u00eetrisant les co\u00fbts.<\/p>\n<p>Nous vous proposons les contrats de maintenance suivants:<\/p>\n<p><span style=\"color: #ffcd00;\"><strong>+ Menges Komfort<\/strong><\/span><br \/>\n<span style=\"color: #ffcd00;\"><strong>+ Menges Komfort Plus<\/strong><\/span><br \/>\n<span style=\"color: #ffcd00;\"><strong>+ Menges All\u2010In<\/strong><\/span><\/p>\n\n            <\/div>\n            <\/div>\n<\/div>\n\n<div class=\"central-content white\">\n    <div class=\"central-content-wrapper\">\n                    <h class=\"headline\">\n                Menges Komfort\n            <\/h>\n                            <div class=\"subline\">\n                <p>Maintenance pr\u00e9ventive et STK<\/p>\n\n            <\/div>\n        \n                    <div class=\"content\">\n                <p>Le contrat de service Menges Komfort comprend l&rsquo;entretien r\u00e9gulier par nos sp\u00e9cialistes de service qualifi\u00e9s ainsi que le test de fonctionnement et le contr\u00f4le de s\u00e9curit\u00e9 (STK).<br \/>\nSi aucune anomalie est d\u00e9tect\u00e9e, les appareils re\u00e7oivent un autocollant l\u2019attestant. Si une r\u00e9paration est n\u00e9cessaire, nous pouvons l&rsquo;effectuer imm\u00e9diatement, vous recevrez pour cela un devis sur demande. Nous documentons tous les services et les r\u00e9sultats des tests en d\u00e9tail et de mani\u00e8re compr\u00e9hensible.<br \/>\nAvec le contrat de service Menges Komfort, vous assurez la dur\u00e9e de fonctionnement maximale de vos appareils et la pr\u00e9servation de la valeur de vos investissements.<\/p>\n\n            <\/div>\n            <\/div>\n<\/div>\n\n<div class=\"central-content blue\">\n    <div class=\"central-content-wrapper\">\n                            <div class=\"subline\">\n                <p>Les services en un coup d&rsquo;\u0153il:<\/p>\n\n            <\/div>\n        \n                    <div class=\"content\">\n                <ul>\n<li>Maintenance et entretien annuels de vos \u00e9quipements<br \/>\n&#8211; y compris les frais de d\u00e9placement et de main-d&rsquo;\u0153uvre<br \/>\n&#8211; y compris les pi\u00e8ces d&rsquo;usure<br \/>\n&#8211; Prise de rendez-vous en fonction de vos besoins<br \/>\n&#8211; Effectu\u00e9 par notre personnel de service qualifi\u00e9<\/li>\n<li>Test fonctionnel et contr\u00f4le de s\u00e9curit\u00e9 (STK) avec autocollant de test et protocole STK<\/li>\n<li>Mises \u00e0 jour logicielles qui assurent la stabilit\u00e9 du syst\u00e8me sans fonctionnalit\u00e9s suppl\u00e9mentaires<\/li>\n<li>Assistance technique par t\u00e9l\u00e9phone pendant nos heures d&rsquo;ouverture<\/li>\n<li>Rappel de respecter les intervalles prescrits pour l&rsquo; inspection et l&rsquo;entretien<\/li>\n<li>Le forfait comprend 2 heures d&rsquo;assistance \u00e0 distance gratuites par an (en fonction du produit et de la disponibilit\u00e9, les heures non utilis\u00e9es expirent apr\u00e8s chaque ann\u00e9e de contrat)<\/li>\n<\/ul>\n\n            <\/div>\n            <\/div>\n<\/div>\n\n<div class=\"central-content white\">\n    <div class=\"central-content-wrapper\">\n                    <h class=\"headline\">\n                Menges Komfort Plus\n            <\/h>\n                            <div class=\"subline\">\n                <p>Maintenance pr\u00e9ventive et STK, r\u00e9paration en cas de probl\u00e8mes techniques, sans pi\u00e8ces de rechange<\/p>\n\n            <\/div>\n        \n                    <div class=\"content\">\n                <p>M\u00eame l&rsquo;appareil de la plus haute qualit\u00e9 a besoin d&rsquo;un entretien r\u00e9gulier s&rsquo;il veut rester fonctionnel sans restrictions. Une maintenance professionnelle garantit \u00e9galement la s\u00e9curit\u00e9 de l&rsquo;investissement et une fiabilit\u00e9 optimale.<br \/>\nLe contrat de service Menges Komfort Plus comprend l&rsquo;entretien r\u00e9gulier par nos sp\u00e9cialistes de service qualifi\u00e9s, ainsi que le test de fonctionnement et le contr\u00f4le de s\u00e9curit\u00e9 (STK).<br \/>\nPendant la dur\u00e9e du contrat, une assistance t\u00e9l\u00e9phonique et \u00e0 distance gratuite sera fournie pendant les heures ouvrables convenues. De plus, les visites de r\u00e9paration sont incluses tant qu&rsquo;il existe des probl\u00e8mes techniques. Sont exclus les frais de pi\u00e8ces de rechange.<br \/>\nVous \u00eates donc bien pr\u00e9par\u00e9 aux situations d&rsquo;urgence.<\/p>\n\n            <\/div>\n            <\/div>\n<\/div>\n\n<div class=\"central-content blue\">\n    <div class=\"central-content-wrapper\">\n                            <div class=\"subline\">\n                <p>Les services en un coup d&rsquo;\u0153il:<\/p>\n\n            <\/div>\n        \n                    <div class=\"content\">\n                <ul>\n<li>Maintenance et entretien annuels de vos \u00e9quipements<br \/>\n&#8211; y compris les frais de d\u00e9placement et de main-d&rsquo;\u0153uvre<br \/>\n&#8211; y compris les pi\u00e8ces d&rsquo;usure<br \/>\n&#8211; Prise de rendez-vous en fonction de vos besoins<br \/>\n&#8211; Effectu\u00e9 par notre personnel de service qualifi\u00e9<\/li>\n<li>Test fonctionnel et contr\u00f4le de s\u00e9curit\u00e9 (STK) avec autocollant de test et protocole STK<\/li>\n<li>Mises \u00e0 jour logicielles qui assurent la stabilit\u00e9 du syst\u00e8me sans fonctionnalit\u00e9s suppl\u00e9mentaires<\/li>\n<li>Visites de r\u00e9paration incluses tant qu&rsquo;il y a des probl\u00e8mes techniques (pendant nos heures d&rsquo;ouverture)<\/li>\n<li>Assistance technique par t\u00e9l\u00e9phone pendant nos heures d&rsquo;ouverture<\/li>\n<li>Rappel de respecter les intervalles prescrits pour l&rsquo; inspection et l&rsquo;entretien<\/li>\n<li>Assistance \u00e0 distance gratuite toute l&rsquo;ann\u00e9e (sous r\u00e9serve de produit et de disponsibilit\u00e9)<\/li>\n<li>Une fois par an, formation de suivi sp\u00e9cifique au produit pour les ajouts de personnel jusqu&rsquo;\u00e0 concurrence de 2 heures (les heures non utilis\u00e9es expirent apr\u00e8s chaque ann\u00e9e contractuelle)<\/li>\n<\/ul>\n\n            <\/div>\n            <\/div>\n<\/div>\n\n<div class=\"central-content white\">\n    <div class=\"central-content-wrapper\">\n                    <h class=\"headline\">\n                Menges All-In\n            <\/h>\n                            <div class=\"subline\">\n                <p>Planification pr\u00e9cise de vos co\u00fbts annuels<\/p>\n\n            <\/div>\n        \n                    <div class=\"content\">\n                <p>Comme tous les dispositifs de haute qualit\u00e9, les dispositifs m\u00e9dicaux n\u00e9cessitent une maintenance et des soins et r\u00e9guliers effectu\u00e9s par un sp\u00e9cialiste. C&rsquo;est la seule fa\u00e7on de vous assurer que vous pouvez atteindre la plus grande pr\u00e9cision et fiabilit\u00e9 tout au long de la dur\u00e9e de vie de votre \u00e9quipement. Avec le contrat de service Menges All-In, vous pouvez garantir une facilit\u00e9 d&rsquo;utilisation illimit\u00e9e de votre \u00e9quipement et la pr\u00e9servation de la valeur de vos investissements. Vous b\u00e9n\u00e9ficiez de nombreux avantages en termes de co\u00fbts, mais surtout : vous n&rsquo;avez pas de d\u00e9penses impr\u00e9vues et b\u00e9n\u00e9ficiez ainsi d&rsquo;une protection compl\u00e8te de votre investissement.<br \/>\nSont exclues les sondes des appareils Endomag, Sentimag et Mammotome Neoprobe. Remplacement facturable incl.<br \/>\nUne proposition de co\u00fbt est disponible sur demande en cas de dommage.<\/p>\n\n            <\/div>\n            <\/div>\n<\/div>\n\n<div class=\"central-content blue\">\n    <div class=\"central-content-wrapper\">\n                            <div class=\"subline\">\n                <p>Les services en un coup d&rsquo;\u0153il:<\/p>\n\n            <\/div>\n        \n                    <div class=\"content\">\n                <ul>\n<li>Maintenance et entretien annuels de vos \u00e9quipements<br \/>\n&#8211; y compris les frais de d\u00e9placement et de main-d&rsquo;\u0153uvre<br \/>\n&#8211; y compris les pi\u00e8ces d&rsquo;usure et les pi\u00e8ces de rechange<br \/>\n&#8211; Mises \u00e0 jour logicielles qui assurent la stabilit\u00e9 du syst\u00e8me sans fontionnalit\u00e9s suppl\u00e9mentaires<br \/>\n&#8211; Rendez-vous selon vos besoins &#8211; rappel de respecter les intervalles d&rsquo;inspection et d&rsquo;entretien prescrits &#8211; effectu\u00e9 par notre personnel de service qualifi\u00e9<\/li>\n<\/ul>\n<ul>\n<li>Test fonctionnel et contr\u00f4le de s\u00e9curit\u00e9 (STK) avec autocollant de test et protocole STK<\/li>\n<li>Visites de r\u00e9paration incluses tant qu&rsquo;il y a des probl\u00e8mes techniques (pendant nos heures d&rsquo;ouverture)<\/li>\n<li>Pr\u00eat de mat\u00e9riel pendant la r\u00e9paration (en fonction du produit et de la disponibilit\u00e9, sauf DEXA. Dans le cas de tubes \u00e0 rayons X d\u00e9fectueux, nous vous proposons un tube de remplacement pendant la r\u00e9paration, en fonction des disponibilit\u00e9s.)<\/li>\n<li>Assistance technique par t\u00e9l\u00e9phone pendant nos heures d&rsquo;ouverture et assistance \u00e0 distance gratuite toute l&rsquo;ann\u00e9e (sous r\u00e9serve de produit et de disponsibilit\u00e9)<\/li>\n<li>Une fois par an, formation de suivi sp\u00e9cifique au produit pour les nouveau personnel \u00e0 hauteur de 5 heures (les heures non utilis\u00e9es expirent apr\u00e8s chaque ann\u00e9e contractuelle)<\/li>\n<\/ul>\n\n            <\/div>\n            <\/div>\n<\/div>\n\n<div class=\"central-content white\">\n    <div class=\"central-content-wrapper\">\n                \n                    <div class=\"content\">\n                <p><strong>Vous pouvez t\u00e9l\u00e9charger <\/strong><strong><a href=\"https:\/\/menges.cake-health.com\/wp-content\/uploads\/2025\/09\/250909_servicepaketeCH_FR.pdf\"><span style=\"color: #ffcd00;\">ici <\/span><\/a>notre<span style=\"color: #ffcd00;\"><a href=\"https:\/\/menges.cake-health.com\/wp-content\/uploads\/2025\/09\/250909_servicepaketeCH_FR.pdf\"> brochure sur les paquets de services<\/a>.<\/span><\/strong><\/p>\n\n            <\/div>\n            <\/div>\n<\/div>\n\n<div class=\"multifunctional-content \">\n    <div class=\"multifunctional-content-wrapper\">\n        <div class=\"multifunctional-content-item bottomimage\">\n                        <div class=\"content-wrapper \">\n                                <div class=\"content-container \">\n                                                        <\/div>\n            <\/div>\n                            <img decoding=\"async\" class=\"bottomimage\" src=\"https:\/\/menges.cake-health.com\/wp-content\/uploads\/2024\/10\/servicepakete-FR.png\" alt=\"\">\n                    <\/div>\n    <\/div>\n<\/div>","protected":false},"excerpt":{"rendered":"","protected":false},"author":3,"featured_media":0,"parent":9955,"menu_order":10,"comment_status":"closed","ping_status":"closed","template":"","meta":{"_acf_changed":false,"footnotes":""},"class_list":["post-14165","page","type-page","status-publish","hentry"],"acf":[],"_links":{"self":[{"href":"https:\/\/menges.cake-health.com\/fr\/wp-json\/wp\/v2\/pages\/14165","targetHints":{"allow":["GET"]}}],"collection":[{"href":"https:\/\/menges.cake-health.com\/fr\/wp-json\/wp\/v2\/pages"}],"about":[{"href":"https:\/\/menges.cake-health.com\/fr\/wp-json\/wp\/v2\/types\/page"}],"author":[{"embeddable":true,"href":"https:\/\/menges.cake-health.com\/fr\/wp-json\/wp\/v2\/users\/3"}],"replies":[{"embeddable":true,"href":"https:\/\/menges.cake-health.com\/fr\/wp-json\/wp\/v2\/comments?post=14165"}],"version-history":[{"count":7,"href":"https:\/\/menges.cake-health.com\/fr\/wp-json\/wp\/v2\/pages\/14165\/revisions"}],"predecessor-version":[{"id":14926,"href":"https:\/\/menges.cake-health.com\/fr\/wp-json\/wp\/v2\/pages\/14165\/revisions\/14926"}],"up":[{"embeddable":true,"href":"https:\/\/menges.cake-health.com\/fr\/wp-json\/wp\/v2\/pages\/9955"}],"wp:attachment":[{"href":"https:\/\/menges.cake-health.com\/fr\/wp-json\/wp\/v2\/media?parent=14165"}],"curies":[{"name":"wp","href":"https:\/\/api.w.org\/{rel}","templated":true}]}}