{"id":14290,"date":"2024-11-05T09:50:10","date_gmt":"2024-11-05T08:50:10","guid":{"rendered":"https:\/\/menges.cake-health.com\/?page_id=14290"},"modified":"2024-11-05T15:28:36","modified_gmt":"2024-11-05T14:28:36","slug":"devis-gratuit-flowd-formulaire","status":"publish","type":"page","link":"https:\/\/menges.cake-health.com\/fr\/devis-gratuit-flowd-formulaire\/","title":{"rendered":"Devis gratuit FlowD formulaire"},"content":{"rendered":"<div class=\"multifunctional-content \">\n    <div class=\"multifunctional-content-wrapper\">\n        <div class=\"multifunctional-content-item bottomimage\">\n                        <div class=\"content-wrapper \">\n                                    <h2 class=\"headline\">\n                        Recevez gratuitement une offre pour le contr\u00f4le qualit\u00e9 des vos \u00e9l\u00e9ments de protection contre les rayons X\n                    <\/h2>\n                                <div class=\"content-container \">\n                                            <div class=\"content\">\n                            <p>[contact-form-7 id=\u00a0\u00bb80f9b57&Prime; title=\u00a0\u00bbContact flowD news FR\u00a0\u00bb]<\/p>\n<p>&nbsp;<\/p>\n\n                        <\/div>\n                                                        <\/div>\n            <\/div>\n                            <img decoding=\"async\" class=\"bottomimage\" src=\"https:\/\/menges.cake-health.com\/wp-content\/uploads\/2024\/04\/flowd2021_kompr.png\" alt=\"FlowD apron quality control\">\n                    <\/div>\n    <\/div>\n<\/div>","protected":false},"excerpt":{"rendered":"","protected":false},"author":12,"featured_media":0,"parent":0,"menu_order":4,"comment_status":"closed","ping_status":"closed","template":"","meta":{"_acf_changed":false,"footnotes":""},"class_list":["post-14290","page","type-page","status-publish","hentry"],"acf":[],"_links":{"self":[{"href":"https:\/\/menges.cake-health.com\/fr\/wp-json\/wp\/v2\/pages\/14290","targetHints":{"allow":["GET"]}}],"collection":[{"href":"https:\/\/menges.cake-health.com\/fr\/wp-json\/wp\/v2\/pages"}],"about":[{"href":"https:\/\/menges.cake-health.com\/fr\/wp-json\/wp\/v2\/types\/page"}],"author":[{"embeddable":true,"href":"https:\/\/menges.cake-health.com\/fr\/wp-json\/wp\/v2\/users\/12"}],"replies":[{"embeddable":true,"href":"https:\/\/menges.cake-health.com\/fr\/wp-json\/wp\/v2\/comments?post=14290"}],"version-history":[{"count":4,"href":"https:\/\/menges.cake-health.com\/fr\/wp-json\/wp\/v2\/pages\/14290\/revisions"}],"predecessor-version":[{"id":14368,"href":"https:\/\/menges.cake-health.com\/fr\/wp-json\/wp\/v2\/pages\/14290\/revisions\/14368"}],"wp:attachment":[{"href":"https:\/\/menges.cake-health.com\/fr\/wp-json\/wp\/v2\/media?parent=14290"}],"curies":[{"name":"wp","href":"https:\/\/api.w.org\/{rel}","templated":true}]}}