{"id":9955,"date":"2020-11-21T01:29:13","date_gmt":"2020-11-21T00:29:13","guid":{"rendered":"https:\/\/menges.cake-health.com\/?page_id=9955"},"modified":"2026-03-19T11:17:11","modified_gmt":"2026-03-19T10:17:11","slug":"uber-medical-systems-fr","status":"publish","type":"page","link":"https:\/\/menges.cake-health.com\/fr\/","title":{"rendered":"\u00c0 propos de Menges"},"content":{"rendered":"<div class=\"floating-info-banner\">\n    <div class=\"floating-info-banner-wrapper\">\n                    <div class=\"content\">\n                <p><strong>Hotline service technique<\/strong> +41 71 544 47 21 | <a href=\"mailto:info@menges.cake-health.com\">info@menges.cake-health.com<\/a> | Lundi-jeudi 7 \u00e0 16,\u00a0Vendredi 8 \u00e0 12h30<\/p>\n\n            <\/div>\n                <div class=\"close\">\n            <i class=\"far fa-times\"><\/i>\n        <\/div>\n    <\/div>\n<\/div>\n\n<div class=\"topsection\">\n    <div class=\"topsection-wrapper fullscreen\" style=\"background-image: url('https:\/\/menges.cake-health.com\/wp-content\/uploads\/2020\/11\/Generationen_ch2-scaled.jpg')\">\n\n                    <div class=\"topsection-icon\">\n                <img decoding=\"async\" src=\"https:\/\/menges.cake-health.com\/wp-content\/uploads\/2020\/08\/sanova-plus-icon.svg\" alt=\"\" \/>\n            <\/div>\n        \n                    <div class=\"topsection-letters\">\n                <img decoding=\"async\" src=\"https:\/\/menges.cake-health.com\/wp-content\/uploads\/2020\/08\/healthcare-letters.svg\" alt=\"\" \/>\n            <\/div>\n            <\/div>\n<\/div>\n\n<div class=\"functional-block default\">\n    <div class=\"functional-block-wrapper\">\n\n        \n        <div class=\"content-container with-feature\">\n\n                            <div class=\"custom-content content-align-wrapper\">\n                    <div class=\"content-align-container\">\n                                                    <div class=\"this-headline \">\n                                Ce que nous faisons\n                            <\/div>\n                        \n                                                    <div class=\"content max-width\">\n                                <p>Nous nous concentrons sur la planification, l&rsquo;installation et la maintenance de technologies m\u00e9dicales d&rsquo;avenir et la formation des personnels appel\u00e9s \u00e0 les utiliser.<\/p>\n<p>Gr\u00e2ce \u00e0 notre exp\u00e9rience, nous proposons dans toute la Suisse des solutions individuelles et innovantes pour les h\u00f4pitaux, les instituts, les cabinets m\u00e9dicaux et les \u00e9tablissements de sant\u00e9 les plus divers.<\/p>\n\n                            <\/div>\n                                            <\/div>\n\n                                            <div class=\"this-more-button\">\n                            <a href=\"https:\/\/menges.cake-health.com\/fr\/medical-systems\/produktuebersicht\/\" class=\"sanova-ui-button ux-response\">\n                                <i class=\"far fa-long-arrow-right\"><\/i> Nos produits\n                            <\/a>\n                        <\/div>\n                                    <\/div>\n            \n            \n        <\/div>\n\n                    <div class=\"feature-container\">\n\n                                                        <div class=\"feature-news content-align-wrapper\">\n\n                        <div class=\"content-align-container\">\n                            <h3 class=\"this-headline\">\n                                News\n                            <\/h3>\n\n                            <div class=\"news-preview-container\">\n                                                                                                            \n                                        <a href=\"https:\/\/menges.cake-health.com\/fr\/2025\/11\/06\/menges-medizintechnik-recherche-un-renfort-specialiste-en-applications-h-f-d\/\" class=\"news-preview-item ux-response\">\n                                            <div class=\"news-preview-item-image\" style=\"background-image: url('https:\/\/menges.cake-health.com\/wp-content\/uploads\/2025\/09\/MengesQuadrat-1.png')\"><\/div>\n                                            <div class=\"news-preview-item-container\">\n                                                <div class=\"news-preview-item-date\">\n                                                    06.11.2025\n                                                <\/div>\n                                                <div class=\"news-preview-item-title max-width\">\n                                                    Menges Medizintechnik recherche un renfort: Sp\u00e9cialiste en applications (h\/f\/d)\n                                                <\/div>\n                                            <\/div>\n                                        <\/a>\n                                                                                                                                                \n                                        <a href=\"https:\/\/menges.cake-health.com\/fr\/2025\/09\/17\/menges-medizintechnik-recherche-un-renfort-responsable-grands-comptes-h-f-radiologie-medecine-nucleaire\/\" class=\"news-preview-item ux-response\">\n                                            <div class=\"news-preview-item-image\" style=\"background-image: url('https:\/\/menges.cake-health.com\/wp-content\/uploads\/2025\/09\/MengesQuadrat-1.png')\"><\/div>\n                                            <div class=\"news-preview-item-container\">\n                                                <div class=\"news-preview-item-date\">\n                                                    17.09.2025\n                                                <\/div>\n                                                <div class=\"news-preview-item-title max-width\">\n                                                    Menges Medizintechnik recherche un renfort: Responsable grands comptes (h\/f) Radiologie\/M\u00e9decine nucl\u00e9aire\n                                                <\/div>\n                                            <\/div>\n                                        <\/a>\n                                                                                                <\/div>\n                        <\/div>\n\n                                                    <div class=\"this-more-button\">\n                                <a href=\"https:\/\/menges.cake-health.com\/fr\/uber-medical-systems-fr\/news\/\" target=\"\" class=\"sanova-ui-button outline-dark ux-response\">\n                                    <i class=\"far fa-long-arrow-right\"><\/i> Autres news\n                                <\/a>\n                            <\/div>\n                                            <\/div>\n                \n                \n            <\/div>\n        \n    <\/div>\n<\/div>\n\n<div class=\"categories limited\">\n\n\t<div class=\"category-wrapper\">\n\n\t\t\t\t\t<h2 class=\"headline\">\n\t\t\t\tPoints forts du produit\n\t\t\t<\/h2>\n\t\t\n\n\t\t\n\n\t\t\t\t\t\t\t\t\n\t\t\t\t\t\t\t<div class=\"category-row\">\n\t\t\t\n\t\t\t<a href=\"https:\/\/menges.cake-health.com\/fr\/medical-systems\/produkte\/gerate-fr\/kontrastmittelinjektoren-fr\/injecteur-de-produit-de-contraste-ct\/\" class=\"category-item ux-hover-shadow ux-hover-scale ux-response\" style=\"background-image: url(https:\/\/menges.cake-health.com\/wp-content\/uploads\/2020\/08\/ctmotion-vorne-1109x1536.png)\">\n\t\t\t\t<h3 class=\"title\">\n\t\t\t\t\tInjecteur de produit de contraste CT\n\n\t\t\t\t\t\t\t\t\t\t\t<div class=\"subline\">\n\t\t\t\t\t\t\tCT motion\n\t\t\t\t\t\t<\/div>\n\t\t\t\t\t\t\t\t\t<\/h3>\n\t\t\t<\/a>\n\n\t\t\t\n\t\t\t\t\t\t\t\t\n\t\t\t\n\t\t\t<a href=\"https:\/\/menges.cake-health.com\/fr\/medical-systems\/produkte\/%medical_category%\/tabliers-de-radiologie\/\" class=\"category-item ux-hover-shadow ux-hover-scale ux-response\" style=\"background-image: url(https:\/\/menges.cake-health.com\/wp-content\/uploads\/2024\/02\/Mavig_roentgenschuerzen2024_1.jpg)\">\n\t\t\t\t<h3 class=\"title\">\n\t\t\t\t\tTabliers de radiologie\n\n\t\t\t\t\t\t\t\t\t<\/h3>\n\t\t\t<\/a>\n\n\t\t\t\t\t\t\t<\/div>\n\t\t\t\t\t\t\t\n\t\t\t\t\t\t\t\t\n\t\t\t\t\t\t\t<div class=\"category-row\">\n\t\t\t\n\t\t\t<a href=\"https:\/\/menges.cake-health.com\/fr\/medical-systems\/produkte\/gerate-fr\/mesure-de-la-densite-osseuse\/mesure-de-la-densite-osseuse\/\" class=\"category-item ux-hover-shadow ux-hover-scale ux-response\" style=\"background-image: url(https:\/\/menges.cake-health.com\/wp-content\/uploads\/2020\/08\/idxa_1000.jpg)\">\n\t\t\t\t<h3 class=\"title\">\n\t\t\t\t\tMesure de la densit\u00e9 osseuse\n\n\t\t\t\t\t\t\t\t\t\t\t<div class=\"subline\">\n\t\t\t\t\t\t\tGE\n\t\t\t\t\t\t<\/div>\n\t\t\t\t\t\t\t\t\t<\/h3>\n\t\t\t<\/a>\n\n\t\t\t\n\t\t\t\t\t\t\t\t\n\t\t\t\n\t\t\t<a href=\"https:\/\/menges.cake-health.com\/fr\/medical-systems\/produkte\/gerate-fr\/radiologie-interventionelle\/biopsie-par-aspiration-sous-vide\/\" class=\"category-item ux-hover-shadow ux-hover-scale ux-response\" style=\"background-image: url(https:\/\/menges.cake-health.com\/wp-content\/uploads\/2024\/09\/revolve-refresh-1536x1536.png)\">\n\t\t\t\t<h3 class=\"title\">\n\t\t\t\t\tBiopsie par aspiration sous vide\n\n\t\t\t\t\t\t\t\t\t\t\t<div class=\"subline\">\n\t\t\t\t\t\t\tLe syst\u00e8me de biopsie sous vide Mammotome\n\t\t\t\t\t\t<\/div>\n\t\t\t\t\t\t\t\t\t<\/h3>\n\t\t\t<\/a>\n\n\t\t\t\t\t\t\t<\/div>\n\t\t\t\t\t\t\t\n\t\t\n\t<\/div>\n<\/div>\n\n<div class=\"functional-block alternate\">\n    <div class=\"functional-block-wrapper\">\n\n        \n        <div class=\"content-container with-feature\">\n\n            \n                            <div class=\"technical_service content-align-wrapper\">\n                    <div class=\"content-align-container\">\n                        <div class=\"this-headline \">\n                            Service technique\n                        <\/div>\n\n                        <div class=\"content\">\n                                                            <div class=\"contact\">\n                                    <i class=\"fas fa-phone\"><\/i> <span class=\"tel\">+41 71 544 47 21<\/span>\n                                <\/div>\n                                                                                        <div class=\"contact\">\n                                    <i class=\"fas fa-envelope\"><\/i> <a href=\"mailto:info@menges.cake-health.com\" class=\"mail\">info@menges.cake-health.com<\/a>\n                                <\/div>\n                                                                                        <div class=\"opening-times\">\n                                                                            <div class=\"opening-time-row\">\n                                            <div class=\"day\">\n                                                Lundi \u2013 jeudi\n                                            <\/div>\n                                            <div class=\"time\">\n                                                de 07:00 \u00e0 16:00\n                                            <\/div>\n                                        <\/div>\n                                                                            <div class=\"opening-time-row\">\n                                            <div class=\"day\">\n                                                Vendredi\n                                            <\/div>\n                                            <div class=\"time\">\n                                                de 08:00 \u00e0 12:30\n                                            <\/div>\n                                        <\/div>\n                                                                    <\/div>\n                                                    <\/div>\n                    <\/div>\n\n                                            <div class=\"this-more-button\">\n                            <a href=\"https:\/\/menges.cake-health.com\/fr\/uber-medical-systems-fr\/technisches-service\/\" target=\"\" class=\"sanova-ui-button outline-dark ux-response\">\n                                <i class=\"far fa-long-arrow-right\"><\/i> Service technique\n                            <\/a>\n                        <\/div>\n                    \n                <\/div>\n            \n        <\/div>\n\n                    <div class=\"feature-container\">\n\n                \n                                                                            <div class=\"feature-events content-align-wrapper\">\n                        <div class=\"content-align-container\">\n                            <h3 class=\"this-headline\">\n                                \u00c9v\u00e9nements\n                            <\/h3>\n\n                            <div class=\"feature-events-container\">\n                                \n                                    \n                                \n                                                                                                                                                                    \n                                                                                                                        \n                                \n                                                                                                                                                                    \n                                                                                            <div class=\"feature-events-item\">\n                                                    <div class=\"feature-events-item-container\">\n                                                        <div class=\"feature-events-item-date\">\n                                                            28. mai 2026 &#8212; 30. mai 2026\n                                                                                                                            <span class=\"location\"><i class=\"far fa-long-arrow-right\"><\/i> Lausanne (CH)<\/span>\n                                                                                                                    <\/div>\n                                                        <div class=\"feature-events-item-title max-width\">\n                                                            SCR 2026\n                                                        <\/div>\n                                                                                                                    <a href=\"https:\/\/congress.sgr-ssr.ch\/\" target=\"_blank\" class=\"feature-events-item-link\">\n                                                                <i class=\"fas fa-globe-europe\"><\/i> congress.sgr-ssr.ch\/\n                                                            <\/a>\n                                                                                                            <\/div>\n                                                <\/div>\n\n                                                                                                                                                                        \n                                \n                                                                                                                                                                    \n                                                                                            <div class=\"feature-events-item\">\n                                                    <div class=\"feature-events-item-container\">\n                                                        <div class=\"feature-events-item-date\">\n                                                            17. septembre 2026 &#8212; 19. septembre 2026\n                                                                                                                            <span class=\"location\"><i class=\"far fa-long-arrow-right\"><\/i> Konstanz (DE)<\/span>\n                                                                                                                    <\/div>\n                                                        <div class=\"feature-events-item-title max-width\">\n                                                            R3 Imaging\n                                                        <\/div>\n                                                                                                                    <a href=\"https:\/\/www.r3-imaging.org\/\" target=\"_blank\" class=\"feature-events-item-link\">\n                                                                <i class=\"fas fa-globe-europe\"><\/i> www.r3-imaging.org\/\n                                                            <\/a>\n                                                                                                            <\/div>\n                                                <\/div>\n\n                                                                                                                                                                        \n                                \n                                    \n                                \n                                    \n                                                            <\/div>\n                        <\/div>\n\n                                                    <div class=\"this-more-button\">\n                                <a href=\"https:\/\/menges.cake-health.com\/fr\/uber-medical-systems-fr\/veranstaltungen\/\" target=\"\" class=\"sanova-ui-button outline-dark ux-response\">\n                                    <i class=\"far fa-long-arrow-right\"><\/i> Calendrier des \u00e9v\u00e9nements\n                                <\/a>\n                            <\/div>\n                                            <\/div>\n                \n            <\/div>\n        \n    <\/div>\n<\/div>\n\n<div class=\"feature-block\">\n\t<div class=\"feature-block-wrapper\">\n\n\t\t<div class=\"header-image\" style=\"background-image: url('https:\/\/menges.cake-health.com\/wp-content\/uploads\/2025\/05\/AdobeStock_253674240_kompr.jpg')\"><\/div>\n\n\t\t<div class=\"feature-block\">\n\t\t\t\n\t\t\t\t\t\t\t\t\t<a href=\"https:\/\/menges.cake-health.com\/fr\/uber-medical-systems-fr\/meilensteine\/\" class=\"feature-item\">\n\t\t\t\t\n\t\t\t\t\t\t\t\t\t\t\t<div class=\"feature-icon\">\n\t\t\t\t\t\t\t<i class=\"far fa-route\"><\/i>\n\t\t\t\t\t\t<\/div>\n\t\t\t\t\t\n\t\t\t\t\t\t\t\t\t\t\t<div class=\"feature-headline\">\n\t\t\t\t\t\t\t\u00c9tapes principales\n\t\t\t\t\t\t<\/div>\n\t\t\t\t\t\n\t\t\t\t\t\t\t\t\t\t\t<div class=\"feature-content\">\n\t\t\t\t\t\t\t<p>Menges Medizintechnik Schweiz AG a \u00e9t\u00e9 fond\u00e9e en 2014. Depuis cette, le portefeuille de produits n\u2019a cess\u00e9 de s\u2019\u00e9largir.<\/p>\n\n\t\t\t\t\t\t<\/div>\n\t\t\t\t\t\n\t\t\t\t\t\t\t\t\t\t\t<div class=\"feature-button\">\n\t\t\t\t\t\t\t<div class=\"teaser-button\">\n\t\t\t\t\t\t\t\t<div class=\"sanova-ui-button outline-dark ux-response\">\n\t\t\t\t\t\t\t\t\t<i class=\"fal fa-long-arrow-right\"><\/i>\n\t\t\t\t\t\t\t\t\tLes \u00e9tapes principales\n\t\t\t\t\t\t\t\t<\/div>\n\t\t\t\t\t\t\t<\/div>\n\t\t\t\t\t\t<\/div>\n\t\t\t\t\t\n\t\t\t\t\t\t\t\t\t<\/a>\n\t\t\t\t\n\t\t\t\n\t\t\t\t\t\t\t\t\t<a href=\"\/fr\/medical-systems-team\" class=\"feature-item\">\n\t\t\t\t\n\t\t\t\t\t\t\t\t\t\t\t<div class=\"feature-icon\">\n\t\t\t\t\t\t\t<i class=\"far fa-users\"><\/i>\n\t\t\t\t\t\t<\/div>\n\t\t\t\t\t\n\t\t\t\t\t\t\t\t\t\t\t<div class=\"feature-headline\">\n\t\t\t\t\t\t\tMenges Medizintechnik Team\n\t\t\t\t\t\t<\/div>\n\t\t\t\t\t\n\t\t\t\t\t\t\t\t\t\t\t<div class=\"feature-content\">\n\t\t\t\t\t\t\t<p>L&rsquo;\u00e9quipe de Menges Medizintechnik se fait toujours un plaisir de vous aider. D\u00e9couvrez les visages derri\u00e8re les noms.<\/p>\n\n\t\t\t\t\t\t<\/div>\n\t\t\t\t\t\n\t\t\t\t\t\t\t\t\t\t\t<div class=\"feature-button\">\n\t\t\t\t\t\t\t<div class=\"teaser-button\">\n\t\t\t\t\t\t\t\t<div class=\"sanova-ui-button outline-dark ux-response\">\n\t\t\t\t\t\t\t\t\t<i class=\"fal fa-long-arrow-right\"><\/i>\n\t\t\t\t\t\t\t\t\tNotre \u00e9quipe\n\t\t\t\t\t\t\t\t<\/div>\n\t\t\t\t\t\t\t<\/div>\n\t\t\t\t\t\t<\/div>\n\t\t\t\t\t\n\t\t\t\t\t\t\t\t\t<\/a>\n\t\t\t\t\n\t\t\t\n\t\t\t\t\t\t\t\t\t<a href=\"https:\/\/menges.cake-health.com\/fr\/uber-medical-systems-fr\/qualitatsmanagement\/\" class=\"feature-item\">\n\t\t\t\t\n\t\t\t\t\t\t\t\t\t\t\t<div class=\"feature-icon\">\n\t\t\t\t\t\t\t<i class=\"far fa-hands-heart\"><\/i>\n\t\t\t\t\t\t<\/div>\n\t\t\t\t\t\n\t\t\t\t\t\t\t\t\t\t\t<div class=\"feature-headline\">\n\t\t\t\t\t\t\tGestion de la qualit\u00e9\n\t\t\t\t\t\t<\/div>\n\t\t\t\t\t\n\t\t\t\t\t\t\t\t\t\t\t<div class=\"feature-content\">\n\t\t\t\t\t\t\t<p>La qualit\u00e9 des services et des produits d&rsquo;abord<\/p>\n<p>Notre entreprise a la r\u00e9putation de fournir d\u2019excellents services et des produits s\u00fbrs et de grande qualit\u00e9. Pour maintenir cette r\u00e9putation, nous nous conformons aux normes de qualit\u00e9 et de s\u00e9curit\u00e9 les plus \u00e9lev\u00e9es.<\/p>\n\n\t\t\t\t\t\t<\/div>\n\t\t\t\t\t\n\t\t\t\t\t\t\t\t\t\t\t<div class=\"feature-button\">\n\t\t\t\t\t\t\t<div class=\"teaser-button\">\n\t\t\t\t\t\t\t\t<div class=\"sanova-ui-button outline-dark ux-response\">\n\t\t\t\t\t\t\t\t\t<i class=\"fal fa-long-arrow-right\"><\/i>\n\t\t\t\t\t\t\t\t\tNotre engagement en mati\u00e8re de qualit\u00e9\n\t\t\t\t\t\t\t\t<\/div>\n\t\t\t\t\t\t\t<\/div>\n\t\t\t\t\t\t<\/div>\n\t\t\t\t\t\n\t\t\t\t\t\t\t\t\t<\/a>\n\t\t\t\t\n\t\t\t\n\t\t\t\t\t\t\t\t\t<a href=\"https:\/\/menges.cake-health.com\/fr\/medical-systems\/uber-medical-systems\/partner\/\" class=\"feature-item\">\n\t\t\t\t\n\t\t\t\t\t\t\t\t\t\t\t<div class=\"feature-icon\">\n\t\t\t\t\t\t\t<i class=\"far fa-handshake\"><\/i>\n\t\t\t\t\t\t<\/div>\n\t\t\t\t\t\n\t\t\t\t\t\t\t\t\t\t\t<div class=\"feature-headline\">\n\t\t\t\t\t\t\tPartenaires \n\t\t\t\t\t\t<\/div>\n\t\t\t\t\t\n\t\t\t\t\t\t\t\t\t\t\t<div class=\"feature-content\">\n\t\t\t\t\t\t\t<p>Gr\u00e2ce \u00e0 nos relations avec des entreprises partenaires en Suisse et \u00e0 l&rsquo;\u00e9tranger, nous pouvons vous proposer des produits m\u00e9dicaux innovants et de grande qualit\u00e9. Nous nous effor\u00e7ons constamment d&rsquo;\u00e9largir la gamme de produits avec des produits de qualit\u00e9.<\/p>\n\n\t\t\t\t\t\t<\/div>\n\t\t\t\t\t\n\t\t\t\t\t\t\t\t\t\t\t<div class=\"feature-button\">\n\t\t\t\t\t\t\t<div class=\"teaser-button\">\n\t\t\t\t\t\t\t\t<div class=\"sanova-ui-button outline-dark ux-response\">\n\t\t\t\t\t\t\t\t\t<i class=\"fal fa-long-arrow-right\"><\/i>\n\t\t\t\t\t\t\t\t\tNos partenaires\n\t\t\t\t\t\t\t\t<\/div>\n\t\t\t\t\t\t\t<\/div>\n\t\t\t\t\t\t<\/div>\n\t\t\t\t\t\n\t\t\t\t\t\t\t\t\t<\/a>\n\t\t\t\t\n\t\t\t\t\t<\/div>\n\t<\/div>\n<\/div>\n\n\n\n<div class=\"newsletter-form\">\n\t<div class=\"newsletter-form-wrapper\">\n\n\t\t\n\t\t\t<form class=\"\" action=\"https:\/\/menges.cake-health.com\/fr\/newsletter-anmeldung\/\" method=\"get\">\n\n\t\t\t\t\t\t\t\t\t<h2 class=\"headline\">\n\t\t\t\t\t\t<span class=\"highlighten\">\n\t\t\t\t\t\t\t<span>\n\t\t\t\t\t\t\t\tLettre d\u2019information\n\t\t\t\t\t\t\t<\/span>\n\t\t\t\t\t\t<\/span>\n\t\t\t\t\t<\/h2>\n\t\t\t\t\n\n\t\t\t\t\t\t\t\t\t<div class=\"subline\">\n\t\t\t\t\t\t<p>Abonnez-vous \u00e0 Menges Medizintechnik News maintenant et soyez toujours les premiers inform\u00e9s.<br \/>\nLisez des nouveaut\u00e9s concernant nos produits ou des contenus actuels de notre site (lettre d\u2019information en langue allemande).<\/p>\n\n\t\t\t\t\t<\/div>\n\t\t\t\t\n\t\t\t\t<div class=\"form-wrapper start\">\n\t\t\t\t\t<div class=\"email-field row\">\n\t\t\t\t\t\t<input name=\"email\" placeholder=\"Adresse \u00e9lectronique\" value=\"\" type=\"text\"\/>\n\t\t\t\t\t<\/div>\n\n\t\t\t\t\t<div class=\"submit-button row\">\n\t\t\t\t\t\t<button type=\"submit\" class=\"ux-response\">Suivant<\/button>\n\t\t\t\t\t<\/div>\n\t\t\t\t<\/div>\n\n\t\t\t<\/form>\n\n\t\t\n\t<\/div>\n<\/div>\n\n<script>\n\t\n    function setResponse(response) {\n        document.getElementById('captcha-response').value = response;\n    }\n\n    function dg_check_jquery(){\n        if ( window.jQuery){\n\n            var mailcheck = \/^(([^<>()[\\]\\\\.,;:\\s@\\\"]+(\\.[^<>()[\\]\\\\.,;:\\s@\\\"]+)*)|(\\\".+\\\"))@((\\[[0-9]{1,3}\\.[0-9]{1,3}\\.[0-9]{1,3}\\.[0-9]{1,3}\\])|(([a-zA-Z\\-0-9]+\\.)+[a-zA-Z]{2,}))$\/;\n\n            if(($('#send-newsletter-form .email-field input').length != 0) && $('#send-newsletter-form .email-field input').val().match(mailcheck)) {\n                $('#send-newsletter-form .email-field').addClass('valid');\n            }\n\n        }\n        else{\n            window.setTimeout(\"dg_check_jquery();\",100);\n        }\n    }\n    dg_check_jquery();\n<\/script>\n\n\n<p><\/p>\n","protected":false},"excerpt":{"rendered":"","protected":false},"author":1,"featured_media":0,"parent":0,"menu_order":44,"comment_status":"closed","ping_status":"closed","template":"","meta":{"_acf_changed":false,"footnotes":""},"class_list":["post-9955","page","type-page","status-publish","hentry"],"acf":[],"_links":{"self":[{"href":"https:\/\/menges.cake-health.com\/fr\/wp-json\/wp\/v2\/pages\/9955","targetHints":{"allow":["GET"]}}],"collection":[{"href":"https:\/\/menges.cake-health.com\/fr\/wp-json\/wp\/v2\/pages"}],"about":[{"href":"https:\/\/menges.cake-health.com\/fr\/wp-json\/wp\/v2\/types\/page"}],"author":[{"embeddable":true,"href":"https:\/\/menges.cake-health.com\/fr\/wp-json\/wp\/v2\/users\/1"}],"replies":[{"embeddable":true,"href":"https:\/\/menges.cake-health.com\/fr\/wp-json\/wp\/v2\/comments?post=9955"}],"version-history":[{"count":10,"href":"https:\/\/menges.cake-health.com\/fr\/wp-json\/wp\/v2\/pages\/9955\/revisions"}],"predecessor-version":[{"id":15350,"href":"https:\/\/menges.cake-health.com\/fr\/wp-json\/wp\/v2\/pages\/9955\/revisions\/15350"}],"wp:attachment":[{"href":"https:\/\/menges.cake-health.com\/fr\/wp-json\/wp\/v2\/media?parent=9955"}],"curies":[{"name":"wp","href":"https:\/\/api.w.org\/{rel}","templated":true}]}}